{"id":8172,"date":"2025-04-22T14:34:49","date_gmt":"2025-04-22T14:34:49","guid":{"rendered":"https:\/\/jbl-test.brandpie.com\/carrieres\/la-vie-chez-jungbunzlauer\/"},"modified":"2025-06-27T13:03:48","modified_gmt":"2025-06-27T13:03:48","slug":"la-vie-chez-jungbunzlauer","status":"publish","type":"page","link":"https:\/\/www.jungbunzlauer.com\/fr\/carrieres\/la-vie-chez-jungbunzlauer\/","title":{"rendered":"La vie chez Jungbunzlauer"},"content":{"rendered":"<div class=\"block__hero-banner---illustration \/  is-block theme theme-dark highlight-blue\">\n\t<div class=\"container no-gutters relative \/ py min-h-banner-hero-mobile md:min-h-banner-hero \/ flex flex-col justify-end md:justify-center\">\n\n\t\t\t<div class=\"js-lottie-container-desktop \/ absolute inset-0 z-0\" data-lottie-desktop=\"https:\/\/lottie.host\/151a94c6-0714-4766-abe4-7708872db9a7\/ukUYoAYGuV.json\"><\/div>\n\n\t\t<div class=\"lg:grid grid-cols-12 px-gutter\">\n\t\t\t<div class=\"lg:col-span-6 \/ flex flex-col gap-32 \/ relative z-10\">\n\n\t\t\t\t\n<p class=\"page-title mb-0\" data-scroll-class='fadeInUpBig'>\n\t\t\tLa vie chez Jungbunzlauer\n\t<\/p>\t\t\t\t\t<div class=\"text-lg mb-0\" data-scroll-class='fadeInUpBig' data-scroll-delay='200'>\n\t\tLe succ\u00e8s des grandes entreprises repose avant tout sur des personnes d\u2019exception. Chez Jungbunzlauer, nous entretenons une organisation forte, dynamique et r\u00e9solument tourn\u00e9e vers l\u2019avenir. Mais la r\u00e9ussite ne d\u00e9pend pas uniquement des talents individuels : elle provient aussi de notre mani\u00e8re de collaborer. Nous croyons en un \u00e9quilibre juste entre initiative personnelle et travail d\u2019\u00e9quipe, entre cadre structurant et flexibilit\u00e9. Cet \u00e9quilibre favorise l\u2019innovation, maintient l\u2019excellence et cr\u00e9e un environnement o\u00f9 chacun peut contribuer et \u00e9voluer.<br \/>\r\n\n\t<\/div>\n\t\t\t\t\n\t\t\t\t\n\t\t\t\t\n\n\t\t\t<\/div>\n\t\t<\/div>\n\n\n\t<\/div>\n<\/div>\n\n\n\n<div class=\"block__image-panel \/  is-block theme theme-white highlight-blue relative overflow-hidden mx-auto\">\n\n\t<div class=\"container flex flex-col lg:block justify-end min-h-full-svh relative z-10 py\">\n\t\t<div class='lg:grid grid-cols-2'>\n\t\t\t\n\t\t\t<div class=\"card__item p-24\" data-scroll-class='fadeInUpBig'>\n\t\t\t\t<div class=\"delay-children flex-stack gap-24\">\n\n<h2 id=\"des-perspectives-diff\u00e9rentes,-de-meilleures-solutions.&nbsp;\" data-scroll-class=\"fadeInUpSmall\" class=\"wp-block-heading\">Des perspectives diff\u00e9rentes, de meilleures solutions.&nbsp;<\/h2>\n\n\n\n<p data-scroll-class=\"fadeInUpSmall\">L\u2019innovation prosp\u00e8re lorsque des esprits divers se rencontrent. Nous sommes convaincus que la pluralit\u00e9 des points de vue m\u00e8ne \u00e0 de meilleures solutions \u2014 qu\u2019il s\u2019agisse de d\u00e9velopper un produit, d\u2019optimiser un proc\u00e9d\u00e9 ou de d\u00e9cider au quotidien. En cultivant un environnement ouvert et inclusif, nous encourageons la collaboration, remettons en question les id\u00e9es re\u00e7ues et favorisons l\u2019am\u00e9lioration continue. Ensemble, nous imaginons des solutions plus intelligentes et plus durables pour l\u2019avenir.<\/p>\n\n<\/div>\n\t\t\t<\/div>\n\t\t<\/div>\n\t<\/div>\n\n\n\t\n\t\t\t\t\n\t<picture class=\"\" data-media-id=\"6668\">\n\t\t<source media=\"(min-width:1400px)\" srcset=\"https:\/\/www.jungbunzlauer.com\/wp-content\/uploads\/2025\/06\/careers_lifeatJBL_C3-2500-x-1090.webp\">\n\t\t<source media=\"(min-width:1280px)\" srcset=\"https:\/\/www.jungbunzlauer.com\/wp-content\/uploads\/2025\/06\/careers_lifeatJBL_C3-2500-x-1090-1920x837.webp\">\n\t\t<source media=\"(min-width:768px)\" srcset=\"https:\/\/www.jungbunzlauer.com\/wp-content\/uploads\/2025\/06\/careers_lifeatJBL_C3-2500-x-1090-1024x446.webp\">\n\n\t\t\t\t\t<img decoding=\"async\" class=\"absolute inset-0 z-0 w-full h-full aspect-landscape object-cover \" src=\"https:\/\/www.jungbunzlauer.com\/wp-content\/uploads\/2025\/06\/careers_lifeatJBL_C3-6x7-3-680x800.webp\" alt=\"Man and woman in business attire sitting at a round table with a laptop, having a discussion in a modern office space with large windows and horizontal blinds.\" loading=\"lazy\">\n\t\t\n  <\/picture>\n\n\n<\/div>\n\n\n\n\n<div class=\"block__content-container \/  is-block theme theme-white highlight-blue pt-md pb-md text-start justify-start\">\n\t<div class=\"container group  container-default \">\n\n\n<div class=\"block__introduction \/  is-block theme theme-white highlight-blue pt-0 pb-0\">\n\t<div class=\"container\">\n\n\t\t\t\t\t<div class=\"flex flex-stack gap-24 justify-center items-center text-center\">\n\t\n\t\t\t<h2 class=\"h2\" data-scroll-class='fadeInUpSmall' data-scroll-delay='200'>\n\t\t\tTrouvez votre voie. Cr\u00e9ez de l\u2019impact.\n\t\t<\/h2>\n\t\n\n\t\t\t<div class=\"text-lg flex-stack gap-24\" data-scroll-class='fadeInUpSmall' data-scroll-delay='400'>\n\t\t\t<p>Chez Jungbunzlauer, chaque poste contribue \u00e0 notre mission : fournir des ingr\u00e9dients durables et de haute qualit\u00e9 qui font la diff\u00e9rence dans la vie quotidienne. Que vous produisiez des ingr\u00e9dients essentiels, stimuliez l\u2019innovation, souteniez des fonctions cl\u00e9s de l\u2019entreprise ou commenciez votre carri\u00e8re par un apprentissage, vous d\u00e9couvrirez des opportunit\u00e9s pour grandir, collaborer et avoir un r\u00e9el impact. Rejoignez-nous et faites partie d\u2019une \u00e9quipe qui valorise l\u2019engagement, l\u2019esprit d\u2019\u00e9quipe, l\u2019excellence et la responsabilit\u00e9.<\/p>\n\n\t\t<\/div>\n\t\n\t\t\t<div class=\"flex gap-16\" data-scroll-class='fadeInUpSmall' data-scroll-delay='600'>\n\t\t\t\t\t\t\t\t\t\t\t\t<\/div>\n\t<\/div>\t\t\n\t<\/div>\n<\/div>\n\n<\/div>\n<\/div>\n\n\n\n\n\n\n<div class=\"block__scrollable-content \/  is-block theme theme-white highlight-blue pt-0 pb-md \/ js-scrollable-content\">\n\t<div class=\"container\">\n\n\t\t<div class='flex flex-col gap-gutter \/ xl:grid grid-cols-12 xl:gap-0'>\n\t\t\t<div class='block__scrollable-content__left col-span-6 \/ relative \/ xl:mr-64'>\n\t\t\t\t\t\t\t\t\t\n\t\t\t\t\n\t<picture class=\"js-content-image js-content-image-1 is-current\" data-media-id=\"6392\">\n\t\t<source media=\"(min-width:1400px)\" srcset=\"https:\/\/www.jungbunzlauer.com\/wp-content\/uploads\/2025\/06\/careers_lifeatJBL_C4.1-6x7-3.webp\">\n\t\t<source media=\"(min-width:1280px)\" srcset=\"https:\/\/www.jungbunzlauer.com\/wp-content\/uploads\/2025\/06\/careers_lifeatJBL_C4.1-6x7-3.webp\">\n\t\t<source media=\"(min-width:768px)\" srcset=\"https:\/\/www.jungbunzlauer.com\/wp-content\/uploads\/2025\/06\/careers_lifeatJBL_C4.1-6x7-3-871x1024.webp\">\n\n\t\t\t\t\t<img decoding=\"async\" class=\"aspect-banner xl:aspect-portrait object-cover object-center w-full h-full sticky top-[160px] \" src=\"https:\/\/www.jungbunzlauer.com\/wp-content\/uploads\/2025\/06\/careers_lifeatJBL_C4.1-6x7-3-680x800.webp\" alt=\"Industrial worker wearing safety gear inspecting a large stainless steel tank in a factory setting with complex piping and metal structures.\" width=\"999\" height=\"1175\" loading=\"lazy\">\n\t\t\n  <\/picture>\n\t\t\t\t\t\t\t\t\t\n\t\t\t\t\n\t<picture class=\"js-content-image js-content-image-2 \" data-media-id=\"6406\">\n\t\t<source media=\"(min-width:1400px)\" srcset=\"https:\/\/www.jungbunzlauer.com\/wp-content\/uploads\/2025\/06\/careers_lifeatJBL_C4.2-6x7-3.webp\">\n\t\t<source media=\"(min-width:1280px)\" srcset=\"https:\/\/www.jungbunzlauer.com\/wp-content\/uploads\/2025\/06\/careers_lifeatJBL_C4.2-6x7-3.webp\">\n\t\t<source media=\"(min-width:768px)\" srcset=\"https:\/\/www.jungbunzlauer.com\/wp-content\/uploads\/2025\/06\/careers_lifeatJBL_C4.2-6x7-3-871x1024.webp\">\n\n\t\t\t\t\t<img decoding=\"async\" class=\"aspect-banner xl:aspect-portrait object-cover object-center w-full h-full sticky top-[160px] \" src=\"https:\/\/www.jungbunzlauer.com\/wp-content\/uploads\/2025\/06\/careers_lifeatJBL_C4.2-6x7-3-680x800.webp\" alt=\"Smiling man in a grey shirt working at a computer in a bright office environment with natural light and green plants.\" width=\"999\" height=\"1175\" loading=\"lazy\">\n\t\t\n  <\/picture>\n\t\t\t\t\t\t\t\t\t\n\t\t\t\t\n\t<picture class=\"js-content-image js-content-image-3 \" data-media-id=\"6434\">\n\t\t<source media=\"(min-width:1400px)\" srcset=\"https:\/\/www.jungbunzlauer.com\/wp-content\/uploads\/2025\/06\/careers_lifeatJBL_C4.3-6x7-3.webp\">\n\t\t<source media=\"(min-width:1280px)\" srcset=\"https:\/\/www.jungbunzlauer.com\/wp-content\/uploads\/2025\/06\/careers_lifeatJBL_C4.3-6x7-3.webp\">\n\t\t<source media=\"(min-width:768px)\" srcset=\"https:\/\/www.jungbunzlauer.com\/wp-content\/uploads\/2025\/06\/careers_lifeatJBL_C4.3-6x7-3-871x1024.webp\">\n\n\t\t\t\t\t<img decoding=\"async\" class=\"aspect-banner xl:aspect-portrait object-cover object-center w-full h-full sticky top-[160px] \" src=\"https:\/\/www.jungbunzlauer.com\/wp-content\/uploads\/2025\/06\/careers_lifeatJBL_C4.3-6x7-3-680x800.webp\" alt=\"Female scientist in a lab coat using a touchscreen interface in a laboratory setting, smiling while interacting with the equipment.\" width=\"999\" height=\"1175\" loading=\"lazy\">\n\t\t\n  <\/picture>\n\t\t\t\t\t\t\t\t\t\n\t\t\t\t\n\t<picture class=\"js-content-image js-content-image-4 \" data-media-id=\"6357\">\n\t\t<source media=\"(min-width:1400px)\" srcset=\"https:\/\/www.jungbunzlauer.com\/wp-content\/uploads\/2025\/06\/careers_lifeatJBL_C4.4-6x7-3.webp\">\n\t\t<source media=\"(min-width:1280px)\" srcset=\"https:\/\/www.jungbunzlauer.com\/wp-content\/uploads\/2025\/06\/careers_lifeatJBL_C4.4-6x7-3.webp\">\n\t\t<source media=\"(min-width:768px)\" srcset=\"https:\/\/www.jungbunzlauer.com\/wp-content\/uploads\/2025\/06\/careers_lifeatJBL_C4.4-6x7-3-871x1024.webp\">\n\n\t\t\t\t\t<img decoding=\"async\" class=\"aspect-banner xl:aspect-portrait object-cover object-center w-full h-full sticky top-[160px] \" src=\"https:\/\/www.jungbunzlauer.com\/wp-content\/uploads\/2025\/06\/careers_lifeatJBL_C4.4-6x7-3-680x800.webp\" alt=\"Woman walking down a modern indoor staircase with orange railings, in a bright office space with wooden bookshelves and contemporary design.\" width=\"999\" height=\"1175\" loading=\"lazy\">\n\t\t\n  <\/picture>\n\t\t\t\t\t\t\t<\/div>\n\n\n\t\t\t<div class='block__scrollable-content__right \/ col-span-6 \/ md:grid grid-cols-2 gap-x-gutter xl:flex xl:flex-col'>\n\t\t\t\t\t\t\t\t\t<div class=\"xl:pl-64 \/ flex flex-col-reverse md:grid grid-rows-subgrid row-span-2\" data-scroll-class='fadeIn' data-scroll-delay=\"100\">\n\n\t<button\n\t\ttype=\"button\"\n\t\tdata-image-id=\"1\"\n\t\tclass=\"js-content-button is-current \/ transition \/ flex flex-col gap-24 \/ text-left cursor-pointer \/ py-32\">\n\n\t\t<h2 class=\"h4 mb-0\" data-scroll-class='fadeInUpSmall' data-scroll-delay=\"100\">\n\t\t\tProduction et Op\u00e9rations\n\t\t<\/h2>\n\n\t\t<div class=\"mb-0\" data-scroll-class='fadeInUpSmall' data-scroll-delay=\"200\">\n\t\t\tAu c\u0153ur de notre activit\u00e9, les \u00e9quipes Production et Op\u00e9rations garantissent la fabrication s\u00fbre, efficace et durable de nos ingr\u00e9dients haut de gamme. Qu\u2019il s\u2019agisse de production, de contr\u00f4le qualit\u00e9 ou de logistique, elles jouent un r\u00f4le essentiel dans la fourniture de solutions fiables \u00e0 nos clients. Anim\u00e9es par la s\u00e9curit\u00e9, l\u2019innovation et l\u2019am\u00e9lioration continue, elles \u00e9voluent dans un cadre o\u00f9 expertise et esprit d\u2019\u00e9quipe sont les moteurs de la r\u00e9ussite.<br \/>\r\n<br \/>\r\n\n\t\t<\/div>\n\t<\/button>\n\n\t\n\t\t\t\t\n\t<picture class=\"js-content-image-mobile\" data-media-id=\"6392\">\n\t\t<source media=\"(min-width:1400px)\" srcset=\"https:\/\/www.jungbunzlauer.com\/wp-content\/uploads\/2025\/06\/careers_lifeatJBL_C4.1-6x7-3.webp\">\n\t\t<source media=\"(min-width:1280px)\" srcset=\"https:\/\/www.jungbunzlauer.com\/wp-content\/uploads\/2025\/06\/careers_lifeatJBL_C4.1-6x7-3.webp\">\n\t\t<source media=\"(min-width:768px)\" srcset=\"https:\/\/www.jungbunzlauer.com\/wp-content\/uploads\/2025\/06\/careers_lifeatJBL_C4.1-6x7-3-871x1024.webp\">\n\n\t\t\t\t\t<img decoding=\"async\" class=\"aspect-banner object-cover object-center w-full h-full \" src=\"https:\/\/www.jungbunzlauer.com\/wp-content\/uploads\/2025\/06\/careers_lifeatJBL_C4.1-6x7-3-680x800.webp\" alt=\"Industrial worker wearing safety gear inspecting a large stainless steel tank in a factory setting with complex piping and metal structures.\" width=\"999\" height=\"1175\" loading=\"lazy\">\n\t\t\n  <\/picture>\n\n<\/div>\t\t\t\t\t\t\t\t\t<div class=\"xl:pl-64 \/ flex flex-col-reverse md:grid grid-rows-subgrid row-span-2\" data-scroll-class='fadeIn' data-scroll-delay=\"200\">\n\n\t<button\n\t\ttype=\"button\"\n\t\tdata-image-id=\"2\"\n\t\tclass=\"js-content-button  \/ transition \/ flex flex-col gap-24 \/ text-left cursor-pointer \/ py-32\">\n\n\t\t<h2 class=\"h4 mb-0\" data-scroll-class='fadeInUpSmall' data-scroll-delay=\"200\">\n\t\t\tAffaires et Administration\n\t\t<\/h2>\n\n\t\t<div class=\"mb-0\" data-scroll-class='fadeInUpSmall' data-scroll-delay=\"300\">\n\t\t\tDes ventes au marketing, de la finance \u00e0 la gestion de la cha\u00eene d\u2019approvisionnement, nos \u00e9quipes Affaires et Administration assurent le bon fonctionnement de l\u2019entreprise. En travaillant \u00e0 l\u2019interface des d\u00e9partements et des march\u00e9s, elles nous maintiennent comp\u00e9titifs, centr\u00e9s sur le client et innovants. Que vous contribuiez \u00e0 la strat\u00e9gie, aux op\u00e9rations ou au soutien des fonctions cl\u00e9s, vous \u00e9voluerez dans un environnement dynamique o\u00f9 vos actions ont un v\u00e9ritable impact.\n\t\t<\/div>\n\t<\/button>\n\n\t\n\t\t\t\t\n\t<picture class=\"js-content-image-mobile\" data-media-id=\"6406\">\n\t\t<source media=\"(min-width:1400px)\" srcset=\"https:\/\/www.jungbunzlauer.com\/wp-content\/uploads\/2025\/06\/careers_lifeatJBL_C4.2-6x7-3.webp\">\n\t\t<source media=\"(min-width:1280px)\" srcset=\"https:\/\/www.jungbunzlauer.com\/wp-content\/uploads\/2025\/06\/careers_lifeatJBL_C4.2-6x7-3.webp\">\n\t\t<source media=\"(min-width:768px)\" srcset=\"https:\/\/www.jungbunzlauer.com\/wp-content\/uploads\/2025\/06\/careers_lifeatJBL_C4.2-6x7-3-871x1024.webp\">\n\n\t\t\t\t\t<img decoding=\"async\" class=\"aspect-banner object-cover object-center w-full h-full \" src=\"https:\/\/www.jungbunzlauer.com\/wp-content\/uploads\/2025\/06\/careers_lifeatJBL_C4.2-6x7-3-680x800.webp\" alt=\"Smiling man in a grey shirt working at a computer in a bright office environment with natural light and green plants.\" width=\"999\" height=\"1175\" loading=\"lazy\">\n\t\t\n  <\/picture>\n\n<\/div>\t\t\t\t\t\t\t\t\t<div class=\"xl:pl-64 \/ flex flex-col-reverse md:grid grid-rows-subgrid row-span-2\" data-scroll-class='fadeIn' data-scroll-delay=\"300\">\n\n\t<button\n\t\ttype=\"button\"\n\t\tdata-image-id=\"3\"\n\t\tclass=\"js-content-button  \/ transition \/ flex flex-col gap-24 \/ text-left cursor-pointer \/ py-32\">\n\n\t\t<h2 class=\"h4 mb-0\" data-scroll-class='fadeInUpSmall' data-scroll-delay=\"300\">\n\t\t\tRecherche &#038; D\u00e9veloppement\n\t\t<\/h2>\n\n\t\t<div class=\"mb-0\" data-scroll-class='fadeInUpSmall' data-scroll-delay=\"400\">\n\t\t\tL\u2019innovation est au c\u0153ur de notre m\u00e9tier. Nos \u00e9quipes R &#038; D font progresser nos ingr\u00e9dients, affinent les formulations et d\u00e9veloppent de nouvelles applications pour r\u00e9pondre aux attentes du march\u00e9. Dans nos laboratoires comme dans nos centres d\u2019applications, nous conjuguons expertise scientifique et durabilit\u00e9 afin de cr\u00e9er des solutions biosourc\u00e9es et performantes qui fa\u00e7onnent l\u2019avenir de notre industrie.\n\t\t<\/div>\n\t<\/button>\n\n\t\n\t\t\t\t\n\t<picture class=\"js-content-image-mobile\" data-media-id=\"6434\">\n\t\t<source media=\"(min-width:1400px)\" srcset=\"https:\/\/www.jungbunzlauer.com\/wp-content\/uploads\/2025\/06\/careers_lifeatJBL_C4.3-6x7-3.webp\">\n\t\t<source media=\"(min-width:1280px)\" srcset=\"https:\/\/www.jungbunzlauer.com\/wp-content\/uploads\/2025\/06\/careers_lifeatJBL_C4.3-6x7-3.webp\">\n\t\t<source media=\"(min-width:768px)\" srcset=\"https:\/\/www.jungbunzlauer.com\/wp-content\/uploads\/2025\/06\/careers_lifeatJBL_C4.3-6x7-3-871x1024.webp\">\n\n\t\t\t\t\t<img decoding=\"async\" class=\"aspect-banner object-cover object-center w-full h-full \" src=\"https:\/\/www.jungbunzlauer.com\/wp-content\/uploads\/2025\/06\/careers_lifeatJBL_C4.3-6x7-3-680x800.webp\" alt=\"Female scientist in a lab coat using a touchscreen interface in a laboratory setting, smiling while interacting with the equipment.\" width=\"999\" height=\"1175\" loading=\"lazy\">\n\t\t\n  <\/picture>\n\n<\/div>\t\t\t\t\t\t\t\t\t<div class=\"xl:pl-64 \/ flex flex-col-reverse md:grid grid-rows-subgrid row-span-2\" data-scroll-class='fadeIn' data-scroll-delay=\"400\">\n\n\t<button\n\t\ttype=\"button\"\n\t\tdata-image-id=\"4\"\n\t\tclass=\"js-content-button  \/ transition \/ flex flex-col gap-24 \/ text-left cursor-pointer \/ py-32\">\n\n\t\t<h2 class=\"h4 mb-0\" data-scroll-class='fadeInUpSmall' data-scroll-delay=\"400\">\n\t\t\tApprentissage et premi\u00e8res exp\u00e9riences\n\t\t<\/h2>\n\n\t\t<div class=\"mb-0\" data-scroll-class='fadeInUpSmall' data-scroll-delay=\"500\">\n\t\t\tCommencer votre carri\u00e8re chez Jungbunzlauer, c\u2019est acqu\u00e9rir une exp\u00e9rience concr\u00e8te, apprendre aux c\u00f4t\u00e9s d\u2019experts et b\u00e2tir des bases solides pour votre avenir. Nos programmes d\u2019apprentissage offrent une formation pratique dans de nombreux domaines : fonctions techniques en production ou R &#038; D, postes orient\u00e9s business, et bien plus. Nous investissons dans votre d\u00e9veloppement gr\u00e2ce \u00e0 un accompagnement personnalis\u00e9, de r\u00e9elles perspectives d\u2019\u00e9volution et un environnement bienveillant o\u00f9 vous pourrez vous \u00e9panouir.\n\t\t<\/div>\n\t<\/button>\n\n\t\n\t\t\t\t\n\t<picture class=\"js-content-image-mobile\" data-media-id=\"6357\">\n\t\t<source media=\"(min-width:1400px)\" srcset=\"https:\/\/www.jungbunzlauer.com\/wp-content\/uploads\/2025\/06\/careers_lifeatJBL_C4.4-6x7-3.webp\">\n\t\t<source media=\"(min-width:1280px)\" srcset=\"https:\/\/www.jungbunzlauer.com\/wp-content\/uploads\/2025\/06\/careers_lifeatJBL_C4.4-6x7-3.webp\">\n\t\t<source media=\"(min-width:768px)\" srcset=\"https:\/\/www.jungbunzlauer.com\/wp-content\/uploads\/2025\/06\/careers_lifeatJBL_C4.4-6x7-3-871x1024.webp\">\n\n\t\t\t\t\t<img decoding=\"async\" class=\"aspect-banner object-cover object-center w-full h-full \" src=\"https:\/\/www.jungbunzlauer.com\/wp-content\/uploads\/2025\/06\/careers_lifeatJBL_C4.4-6x7-3-680x800.webp\" alt=\"Woman walking down a modern indoor staircase with orange railings, in a bright office space with wooden bookshelves and contemporary design.\" width=\"999\" height=\"1175\" loading=\"lazy\">\n\t\t\n  <\/picture>\n\n<\/div>\t\t\t\t\t\t\t<\/div>\n\t\t<\/div>\n\n\t<\/div>\n<\/div>\n\n\n\n<div class=\"block__content-container \/  is-block theme theme-light highlight-blue pt-md pb-md text-start justify-start\">\n\t<div class=\"container group  container-md  container-center\">\n\n\n<div class=\"block__introduction \/  is-block theme theme-light highlight-blue pt-0 pb-sm\">\n\t<div class=\"container\">\n\n\t\t\t\t\t<div class=\"flex flex-stack gap-24 justify-center items-center text-center\">\n\t\n\t\t\t<h2 class=\"h2\" data-scroll-class='fadeInUpSmall' data-scroll-delay='200'>\n\t\t\tValeurs fondamentales\n\t\t<\/h2>\n\t\n\n\t\n\t\t\t<div class=\"flex gap-16\" data-scroll-class='fadeInUpSmall' data-scroll-delay='600'>\n\t\t\t\t\t\t\t\t\t\t\t\t<\/div>\n\t<\/div>\t\t\n\t<\/div>\n<\/div>\n\n\n<div class=\"flex flex-col md:flex-row gap-gutter md:gap-gutter-lg block__columns \/  is-block\">\n<div class=\"block__column \/  is-block text-start justify-start flex-1 md:basis-1\/4\">\n\n<figure data-scroll-class=\"fadeInUpSmall\" class=\"wp-block-image size-full\"><img decoding=\"async\" src=\"https:\/\/www.jungbunzlauer.com\/wp-content\/uploads\/2025\/05\/placeholder-Icons2.svg\" alt=\"ic\u00f4ne\" class=\"wp-image-1609\"\/><\/figure>\n\n\n\n<h4 data-scroll-class=\"fadeInUpSmall\" class=\"wp-block-heading has-text-align-left\">Curiosit\u00e9<\/h4>\n\n<\/div>\n\n<div class=\"block__column \/  is-block text-start justify-start flex-1 md:basis-1\/4\">\n\n<figure data-scroll-class=\"fadeInUpSmall\" class=\"wp-block-image size-full\"><img decoding=\"async\" src=\"https:\/\/www.jungbunzlauer.com\/wp-content\/uploads\/2025\/05\/placeholder-Icons4.svg\" alt=\"ic\u00f4ne\" class=\"wp-image-1611\"\/><\/figure>\n\n\n\n<h4 data-scroll-class=\"fadeInUpSmall\" class=\"wp-block-heading has-text-align-left\">Courage<\/h4>\n\n<\/div>\n\n<div class=\"block__column \/  is-block text-start justify-start flex-1 md:basis-1\/4\">\n\n<figure data-scroll-class=\"fadeInUpSmall\" class=\"wp-block-image size-full\"><img decoding=\"async\" src=\"https:\/\/www.jungbunzlauer.com\/wp-content\/uploads\/2025\/05\/placeholder-Icons3.svg\" alt=\"ic\u00f4ne\" class=\"wp-image-1610\"\/><\/figure>\n\n\n\n<h4 data-scroll-class=\"fadeInUpSmall\" class=\"wp-block-heading has-text-align-left\">Attention<\/h4>\n\n<\/div>\n\n<div class=\"block__column \/  is-block text-start justify-start flex-1 md:basis-1\/4\">\n\n<figure data-scroll-class=\"fadeInUpSmall\" class=\"wp-block-image size-full\"><img decoding=\"async\" src=\"https:\/\/www.jungbunzlauer.com\/wp-content\/uploads\/2025\/05\/placeholder-Icons1.svg\" alt=\"ic\u00f4ne\" class=\"wp-image-1608\"\/><\/figure>\n\n\n\n<h4 data-scroll-class=\"fadeInUpSmall\" class=\"wp-block-heading has-text-align-left\">Collaboration<\/h4>\n\n<\/div>\n<\/div>\n\n<\/div>\n<\/div>\n\n\n\n\n\n\n<div class=\"block__media-combo \/  is-block theme theme-dark highlight-blue fullbleed__container overflow-hidden\">\n\n\n\t<div class=\"fullbleed__left p-24 md:p-32 lg:pr-gutter-xxl py-lg\">\n\t<div class=\"acf-innerblocks-container\">\n\n<h2 id=\"durabilit\u00e9&nbsp;\" data-scroll-class=\"fadeInUpSmall\" class=\"wp-block-heading\">Durabilit\u00e9&nbsp;<\/h2>\n\n\n\n<p data-scroll-class=\"fadeInUpSmall\">Chez Jungbunzlauer, la durabilit\u00e9 est plus qu&rsquo;un engagement &#8211; elle est au c\u0153ur de tout ce que nous faisons. De l&rsquo;approvisionnement responsable et la production efficace au d\u00e9veloppement de solutions biod\u00e9gradables et biosourc\u00e9es, nous nous effor\u00e7ons de r\u00e9duire notre impact environnemental tout en fournissant des ingr\u00e9dients de haute qualit\u00e9. Rejoignez-nous et faites partie d&rsquo;une \u00e9quipe qui contribue activement \u00e0 un avenir plus durable.  &nbsp;&nbsp;<\/p>\n\n\n\n\t\n\t<div class=\"block__buttons \/  is-block pt-0 pb-0 \/ flex flex-row justify-start gap-gutter-sm flex-wrap\" data-scroll-class='fadeInUpSmall'>\n\t\t\n\n\t\t\t\n\n<a tabindex=\"\" href=\"https:\/\/www.jungbunzlauer.com\/fr\/durabilite\/\" class=\"btn \" target=\"\" id=\"\">\n\n\t<span class=\"btn-inner btn-inner-initial\">\n\n\t\t\n\t\t<span class=\"btn-inner-title \">\n\t\t\tEn savoir plus\n\t\t<\/span>\n\n\t\t\t\t\t\t<svg class=\"icon-chevron-right\" width=\"16\" height=\"16\" viewBox=\"0 0 24 24\" fill=\"none\" xmlns=\"http:\/\/www.w3.org\/2000\/svg\">\n<path d=\"M19.1074 12L7.01367 24.0938L5.59961 22.6797L16.2793 12L5.59961 1.32031L7.01367 -0.09375L19.1074 12Z\" fill=\"currentColor\"\/>\n<\/svg>\n\t\t\n\t<\/span>\n\n\t<span class=\"btn-inner btn-inner-pewpew\" aria-hidden=\"true\">\n\n\t\t\n\t\t<span class=\"btn-inner-title \">\n\t\t\tEn savoir plus\n\t\t<\/span>\n\n\t\t\t\t\t\t<svg class=\"icon-chevron-right\" width=\"16\" height=\"16\" viewBox=\"0 0 24 24\" fill=\"none\" xmlns=\"http:\/\/www.w3.org\/2000\/svg\">\n<path d=\"M19.1074 12L7.01367 24.0938L5.59961 22.6797L16.2793 12L5.59961 1.32031L7.01367 -0.09375L19.1074 12Z\" fill=\"currentColor\"\/>\n<\/svg>\n\t\t\n\t<\/span>\n\n\n<\/a>\n\n\t\n\t\n\n\t<\/div>\n\n<\/div>\n<\/div>\n\t<figure class=\"fullbleed__right relative overflow-hidden \/ -mx-gutter lg:mx-0\" data-scroll-class='fadeInLeftBig'>\n\t\t\t\n\t\t\t\t\n\t<picture class=\"\" data-media-id=\"6112\">\n\t\t<source media=\"(min-width:1400px)\" srcset=\"https:\/\/www.jungbunzlauer.com\/wp-content\/uploads\/2025\/06\/careers_lifeatJBL_C5-1000.webp\">\n\t\t<source media=\"(min-width:1280px)\" srcset=\"https:\/\/www.jungbunzlauer.com\/wp-content\/uploads\/2025\/06\/careers_lifeatJBL_C5-1000.webp\">\n\t\t<source media=\"(min-width:768px)\" srcset=\"https:\/\/www.jungbunzlauer.com\/wp-content\/uploads\/2025\/06\/careers_lifeatJBL_C5-1000.webp\">\n\n\t\t\t\t\t<img decoding=\"async\" class=\"js-parallax aspect-banner lg:aspect-auto lg:absolute inset-0 object-cover object-center h-full w-full \" src=\"https:\/\/www.jungbunzlauer.com\/wp-content\/uploads\/2025\/06\/careers_lifeatJBL_C5-1000-800x533.webp\" alt=\"Rows of solar panels installed in a large open field under a bright blue sky with scattered clouds.\" width=\"1001\" height=\"667\" loading=\"lazy\">\n\t\t\n  <\/picture>\n\t<\/figure>\n\n<\/div>\n","protected":false},"excerpt":{"rendered":"","protected":false},"author":1,"featured_media":0,"parent":8168,"menu_order":0,"comment_status":"closed","ping_status":"closed","template":"","meta":{"_acf_changed":false,"inline_featured_image":false,"footnotes":""},"search-filter":[],"class_list":["post-8172","page","type-page","status-publish","hentry"],"acf":[],"_links":{"self":[{"href":"https:\/\/www.jungbunzlauer.com\/fr\/wp-json\/wp\/v2\/pages\/8172","targetHints":{"allow":["GET"]}}],"collection":[{"href":"https:\/\/www.jungbunzlauer.com\/fr\/wp-json\/wp\/v2\/pages"}],"about":[{"href":"https:\/\/www.jungbunzlauer.com\/fr\/wp-json\/wp\/v2\/types\/page"}],"author":[{"embeddable":true,"href":"https:\/\/www.jungbunzlauer.com\/fr\/wp-json\/wp\/v2\/users\/1"}],"replies":[{"embeddable":true,"href":"https:\/\/www.jungbunzlauer.com\/fr\/wp-json\/wp\/v2\/comments?post=8172"}],"version-history":[{"count":4,"href":"https:\/\/www.jungbunzlauer.com\/fr\/wp-json\/wp\/v2\/pages\/8172\/revisions"}],"predecessor-version":[{"id":11810,"href":"https:\/\/www.jungbunzlauer.com\/fr\/wp-json\/wp\/v2\/pages\/8172\/revisions\/11810"}],"up":[{"embeddable":true,"href":"https:\/\/www.jungbunzlauer.com\/fr\/wp-json\/wp\/v2\/pages\/8168"}],"wp:attachment":[{"href":"https:\/\/www.jungbunzlauer.com\/fr\/wp-json\/wp\/v2\/media?parent=8172"}],"wp:term":[{"taxonomy":"search-filter","embeddable":true,"href":"https:\/\/www.jungbunzlauer.com\/fr\/wp-json\/wp\/v2\/search-filter?post=8172"}],"curies":[{"name":"wp","href":"https:\/\/api.w.org\/{rel}","templated":true}]}}