{"id":8168,"date":"2025-04-03T07:53:09","date_gmt":"2025-04-03T07:53:09","guid":{"rendered":"https:\/\/jbl-test.brandpie.com\/carrieres\/"},"modified":"2025-10-15T16:11:07","modified_gmt":"2025-10-15T16:11:07","slug":"carrieres","status":"publish","type":"page","link":"https:\/\/www.jungbunzlauer.com\/fr\/carrieres\/","title":{"rendered":"Carri\u00e8res"},"content":{"rendered":"<div class=\"block__hero-banner---illustration \/  is-block theme theme-dark highlight-blue\">\n\t<div class=\"container no-gutters relative \/ py min-h-banner-hero-mobile md:min-h-banner-hero \/ flex flex-col justify-end md:justify-center\">\n\n\t\t\t<div class=\"js-lottie-container-desktop \/ absolute inset-0 z-0\" data-lottie-desktop=\"https:\/\/lottie.host\/9d6cf43e-ae8e-4101-aade-f6afd0b8c8c9\/81Hk70qLuA.json\"><\/div>\n\n\t\t<div class=\"lg:grid grid-cols-12 px-gutter\">\n\t\t\t<div class=\"lg:col-span-6 \/ flex flex-col gap-32 \/ relative z-10\">\n\n\t\t\t\t\n<p class=\"page-title mb-0\" data-scroll-class='fadeInUpBig'>\n\t\t\tFa\u00e7onnez l\u2019avenir des solutions durables avec nous.\n\t<\/p>\t\t\t\t\t<div class=\"text-lg mb-0\" data-scroll-class='fadeInUpBig' data-scroll-delay='200'>\n\t\tInt\u00e9grez une \u00e9quipe qui fait avancer l\u2019innovation et porte la durabilit\u00e9. Chez Jungbunzlauer, nous cr\u00e9ons des ingr\u00e9dients biosourc\u00e9s de haute qualit\u00e9 qui am\u00e9liorent la vie quotidienne. Rejoignez-nous pour construire un avenir plus durable tout en d\u00e9veloppant votre carri\u00e8re dans un environnement dynamique et collaboratif.\n\t<\/div>\n\t\t\t\t\t\t\t\t\t<div class=\"flex flex-col sm:flex-row gap-16\">\n\t\t\t\t\t\t\n\n\t\t\t\n\n<a tabindex=\"\" href=\"https:\/\/iabuas.fa.ocs.oraclecloud.com\/hcmUI\/CandidateExperience\/en\/sites\/CX_1\" class=\"btn block__hero-banner---illustration \/  is-block theme theme-dark highlight-blue\" target=\"\" id=\"\">\n\n\t<span class=\"btn-inner btn-inner-initial\">\n\n\t\t\n\t\t<span class=\"btn-inner-title \">\n\t\t\tExplorer les postes ouverts\n\t\t<\/span>\n\n\t\t\t\t\t\t<svg class=\"icon-chevron-right\" width=\"16\" height=\"16\" viewBox=\"0 0 24 24\" fill=\"none\" xmlns=\"http:\/\/www.w3.org\/2000\/svg\">\n<path d=\"M19.1074 12L7.01367 24.0938L5.59961 22.6797L16.2793 12L5.59961 1.32031L7.01367 -0.09375L19.1074 12Z\" fill=\"currentColor\"\/>\n<\/svg>\n\t\t\n\t<\/span>\n\n\t<span class=\"btn-inner btn-inner-pewpew\" aria-hidden=\"true\">\n\n\t\t\n\t\t<span class=\"btn-inner-title \">\n\t\t\tExplorer les postes ouverts\n\t\t<\/span>\n\n\t\t\t\t\t\t<svg class=\"icon-chevron-right\" width=\"16\" height=\"16\" viewBox=\"0 0 24 24\" fill=\"none\" xmlns=\"http:\/\/www.w3.org\/2000\/svg\">\n<path d=\"M19.1074 12L7.01367 24.0938L5.59961 22.6797L16.2793 12L5.59961 1.32031L7.01367 -0.09375L19.1074 12Z\" fill=\"currentColor\"\/>\n<\/svg>\n\t\t\n\t<\/span>\n\n\n<\/a>\n\n\t\n\t\n\n\t\t\t\t\t<\/div>\n\t\t\t\t\n\t\t\t\t\n\t\t\t\t\n\n\t\t\t<\/div>\n\t\t<\/div>\n\n\n\t<\/div>\n<\/div>\n\n\n\n<div class=\"block__content-container \/  is-block theme theme-mid highlight-green pt-md pb-md text-start justify-start\">\n\t<div class=\"container group  container-default \">\n\n<figure class=\"wp-block-embed is-type-video is-provider-vimeo wp-block-embed-vimeo wp-embed-aspect-16-9 wp-has-aspect-ratio\"><div class=\"wp-block-embed__wrapper\">\n<iframe loading=\"lazy\" title=\"Life at Jungbunzlauer 2025\" src=\"https:\/\/player.vimeo.com\/video\/1092097307?dnt=1&amp;app_id=122963\" width=\"500\" height=\"281\" frameborder=\"0\" allow=\"autoplay; fullscreen; picture-in-picture; clipboard-write; encrypted-media; web-share\" referrerpolicy=\"strict-origin-when-cross-origin\"><\/iframe>\n<\/div><\/figure>\n\n<\/div>\n<\/div>\n\n\n\n\n\n\n<div class=\"block__media-combo \/  is-block theme theme-mid highlight-yellow fullbleed__container overflow-hidden\">\n\n\n\t<figure class=\"fullbleed__left-swapped relative overflow-hidden \/ -mx-gutter lg:mx-0\" data-scroll-class='fadeInRightBig'>\n\t\t\t\n\t\t\t\t\n\t<picture class=\"\" data-media-id=\"6504\">\n\t\t<source media=\"(min-width:1400px)\" srcset=\"https:\/\/www.jungbunzlauer.com\/wp-content\/uploads\/2025\/06\/careers_C1-1000-1.webp\">\n\t\t<source media=\"(min-width:1280px)\" srcset=\"https:\/\/www.jungbunzlauer.com\/wp-content\/uploads\/2025\/06\/careers_C1-1000-1.webp\">\n\t\t<source media=\"(min-width:768px)\" srcset=\"https:\/\/www.jungbunzlauer.com\/wp-content\/uploads\/2025\/06\/careers_C1-1000-1.webp\">\n\n\t\t\t\t\t<img decoding=\"async\" class=\"js-parallax aspect-banner lg:aspect-auto lg:absolute inset-0 object-cover object-center h-full w-full \" src=\"https:\/\/www.jungbunzlauer.com\/wp-content\/uploads\/2025\/06\/careers_C1-1000-1-800x533.webp\" alt=\"Two scientists in white lab coats walking outdoors on a path through a green campus, one holding a helmet and the other wearing one.\" width=\"1001\" height=\"667\" loading=\"lazy\">\n\t\t\n  <\/picture>\n\t<\/figure>\n\t<div class=\"fullbleed__right-swapped p-24 md:p-32 lg:pl-gutter-xxl py-lg\">\n\t<div class=\"acf-innerblocks-container\">\n\n<h2 id=\"la-vie-chez-jungbunzlauer\" data-scroll-class=\"fadeInUpSmall\" class=\"wp-block-heading\">La vie chez Jungbunzlauer<\/h2>\n\n\n\n<p data-scroll-class=\"fadeInUpSmall\">Chez Jungbunzlauer, ce sont nos collaborateurs qui font la diff\u00e9rence. Dans tous nos sites et d\u00e9partements \u2013 que ce soit dans la production, la recherche ou les activit\u00e9s commerciales \u2013 nos \u00e9quipes partagent un engagement envers la collaboration, l&rsquo;innovation et la durabilit\u00e9. Forts de nos origines et expertises diverses, nous \u0153uvrons conjointement \u00e0 l&rsquo;\u00e9laboration de solutions de haute qualit\u00e9 tout en cultivant un environnement de travail propice et stimulant. D\u00e9couvrez comment nos coll\u00e8gues \u00e0 travers le monde fa\u00e7onnent notre r\u00e9ussite et exercent un impact au quotidien.&nbsp;<\/p>\n\n\n\n<p data-scroll-class=\"fadeInUpSmall\"><\/p>\n\n\n\n\t\n\t<div class=\"block__buttons \/  is-block pt-0 pb-0 \/ flex flex-row justify-start gap-gutter-sm flex-wrap\" data-scroll-class='fadeInUpSmall'>\n\t\t\n\n\t\t\t\n\n<a tabindex=\"\" href=\"https:\/\/iabuas.fa.ocs.oraclecloud.com\/hcmUI\/CandidateExperience\/en\/sites\/CX_1\" class=\"btn \" target=\"\" id=\"\">\n\n\t<span class=\"btn-inner btn-inner-initial\">\n\n\t\t\n\t\t<span class=\"btn-inner-title \">\n\t\t\tEntrer en contact\n\t\t<\/span>\n\n\t\t\t\t\t\t<svg class=\"icon-chevron-right\" width=\"16\" height=\"16\" viewBox=\"0 0 24 24\" fill=\"none\" xmlns=\"http:\/\/www.w3.org\/2000\/svg\">\n<path d=\"M19.1074 12L7.01367 24.0938L5.59961 22.6797L16.2793 12L5.59961 1.32031L7.01367 -0.09375L19.1074 12Z\" fill=\"currentColor\"\/>\n<\/svg>\n\t\t\n\t<\/span>\n\n\t<span class=\"btn-inner btn-inner-pewpew\" aria-hidden=\"true\">\n\n\t\t\n\t\t<span class=\"btn-inner-title \">\n\t\t\tEntrer en contact\n\t\t<\/span>\n\n\t\t\t\t\t\t<svg class=\"icon-chevron-right\" width=\"16\" height=\"16\" viewBox=\"0 0 24 24\" fill=\"none\" xmlns=\"http:\/\/www.w3.org\/2000\/svg\">\n<path d=\"M19.1074 12L7.01367 24.0938L5.59961 22.6797L16.2793 12L5.59961 1.32031L7.01367 -0.09375L19.1074 12Z\" fill=\"currentColor\"\/>\n<\/svg>\n\t\t\n\t<\/span>\n\n\n<\/a>\n\n\t\n\t\n\n\t<\/div>\n\n<\/div>\n<\/div>\n\n\n<\/div>\n\n\n\n<div class=\"block__content-container \/  is-block theme theme-light highlight-blue pt-md pb-md text-start justify-start\">\n\t<div class=\"container group  container-default \">\n\n\n<div class=\"block__introduction \/  is-block theme theme-light highlight-blue pt-0 pb-sm\">\n\t<div class=\"container\">\n\n\t\t\t\t\t<div class=\"flex flex-stack gap-24 justify-center items-center text-center\">\n\t\n\t\t\t<h2 class=\"h2\" data-scroll-class='fadeInUpSmall' data-scroll-delay='200'>\n\t\t\tVotre prochain d\u00e9fi professionnel vous attend.\n\t\t<\/h2>\n\t\n\n\t\n\t\t\t<div class=\"flex gap-16\" data-scroll-class='fadeInUpSmall' data-scroll-delay='600'>\n\t\t\t\t\t\t\t\t\t\t\t\t<\/div>\n\t<\/div>\t\t\n\t<\/div>\n<\/div>\n\n\n\n\n\n\n<div class=\"block__information-masonry \/  is-block\">\n\t<div class=\"flex flex-col md:grid grid-cols-3 auto-rows-auto gap-gutter\" data-scroll-class='fadeIn'>\n\n\t\t\t\t\t\t\t\t\n\t\t<div  class=\"masonry_panel panel-1__inner col-span-2 lg:col-span-1 row-span-1 flex flex-col card__item p-24\">\n\t\t\t<p class=\"h1\">17<\/p>\n\t\t\t<p class=\"h3\">Sites<\/p>\n\t\t\t\t\t<\/div>\n\n\t\t\t\t\t\t\t\t\t\t\t\t\t\t\t\t\t\t<a href=\"https:\/\/iabuas.fa.ocs.oraclecloud.com\/hcmUI\/CandidateExperience\/en\/sites\/CX_1\" target=\"\"  class=\"masonry_panel panel-2__inner col-span-2 lg:col-span-1 row-span-1 flex flex-col card__item p-24\">\n\t\t\t<p class=\"h1\">\n\t\t\t\t13\n\t\t\t<\/p>\n\t\t\t<p class=\"h3\">Postes \u00e0 pourvoir<\/p>\n\t\t\t\t\t\t\t\n\t\n<button type=\"\" tabindex=\"\" class=\"btn self-end btn-outline\"  id=\"\">\n\n\t<span class=\"btn-inner btn-inner-initial\">\n\n\t\t\n\t\t<span class=\"btn-inner-title sr-only\">\n\t\t\tCarri\u00e8res\n\t\t<\/span>\n\n\t\t\t\t\t\t<svg class=\"icon-chevron-right\" width=\"16\" height=\"16\" viewBox=\"0 0 24 24\" fill=\"none\" xmlns=\"http:\/\/www.w3.org\/2000\/svg\">\n<path d=\"M19.1074 12L7.01367 24.0938L5.59961 22.6797L16.2793 12L5.59961 1.32031L7.01367 -0.09375L19.1074 12Z\" fill=\"currentColor\"\/>\n<\/svg>\n\t\t\n\t<\/span>\n\n\t<span class=\"btn-inner btn-inner-pewpew\" aria-hidden=\"true\">\n\n\t\t\n\t\t<span class=\"btn-inner-title sr-only\">\n\t\t\tCarri\u00e8res\n\t\t<\/span>\n\n\t\t\t\t\t\t<svg class=\"icon-chevron-right\" width=\"16\" height=\"16\" viewBox=\"0 0 24 24\" fill=\"none\" xmlns=\"http:\/\/www.w3.org\/2000\/svg\">\n<path d=\"M19.1074 12L7.01367 24.0938L5.59961 22.6797L16.2793 12L5.59961 1.32031L7.01367 -0.09375L19.1074 12Z\" fill=\"currentColor\"\/>\n<\/svg>\n\t\t\n\t<\/span>\n\n\n<\/button>\n\n\t\t\t\t\t<\/a>\n\n\t\t\t\t<div class=\"masonry_panel card__item panel-3__inner  p-24 \/ col-span-1 row-start-1 col-start-3 row-span-2 \/ lg:row-span-2\">\n\t\t\t<p class=\"h1\">6<\/p>\n\t\t\t<p class=\"h3\">Departments<\/p>\n\t\t\t<div>\n\t\t\t\t<p>D\u00e9veloppement Corporate et R&amp;D<br \/>\r\nFinance et Informatique<br \/>\r\nRessources Humaines et Communication<br \/>\r\nOp\u00e9rations et Durabilit\u00e9<br \/>\r\nGestion de Produit et Excellence Commerciale<br \/>\r\nVentes<\/p>\n\t\t\t<\/div>\n\t\t<\/div>\n\n\t\t\t\t<div class=\"masonry_panel panel-4__inner col-span-3 lg:col-span-2 row-span-1\">\n\t\t\t\n\t\t\t\t\n\t<picture class=\"\" data-media-id=\"6483\">\n\t\t<source media=\"(min-width:1400px)\" srcset=\"https:\/\/www.jungbunzlauer.com\/wp-content\/uploads\/2025\/06\/careers_C2-1000.webp\">\n\t\t<source media=\"(min-width:1280px)\" srcset=\"https:\/\/www.jungbunzlauer.com\/wp-content\/uploads\/2025\/06\/careers_C2-1000.webp\">\n\t\t<source media=\"(min-width:768px)\" srcset=\"https:\/\/www.jungbunzlauer.com\/wp-content\/uploads\/2025\/06\/careers_C2-1000.webp\">\n\n\t\t\t\t\t<img decoding=\"async\" class=\"h-full w-full object-center object-cover \" src=\"https:\/\/www.jungbunzlauer.com\/wp-content\/uploads\/2025\/06\/careers_C2-1000-800x534.webp\" alt=\"Smiling woman with long brown hair and glasses working at a computer in a bright office, with a green plant in the background.\" width=\"1000\" height=\"667\" loading=\"lazy\">\n\t\t\n  <\/picture>\n\t\t<\/div>\n\n\t<\/div>\n<\/div>\n\n\n\n\n<div class=\"block__introduction \/  is-block theme theme-light highlight-blue pt-sm pb-sm\">\n\t<div class=\"container\">\n\n\t\t\t\t\t<div class=\"flex flex-stack gap-24 justify-center items-center text-center\">\n\t\n\t\n\n\t\n\t\t\t<div class=\"flex gap-16\" data-scroll-class='fadeInUpSmall' data-scroll-delay='600'>\n\t\t\t\t\t\t\t\n\n\t\t\t\n\n<a tabindex=\"\" href=\"https:\/\/www.jungbunzlauer.com\/careers\/vacancies\/\" class=\"btn \" target=\"\" id=\"\">\n\n\t<span class=\"btn-inner btn-inner-initial\">\n\n\t\t\n\t\t<span class=\"btn-inner-title \">\n\t\t\tExplorer les postes ouverts\n\t\t<\/span>\n\n\t\t\t\t\t\t<svg class=\"icon-chevron-right\" width=\"16\" height=\"16\" viewBox=\"0 0 24 24\" fill=\"none\" xmlns=\"http:\/\/www.w3.org\/2000\/svg\">\n<path d=\"M19.1074 12L7.01367 24.0938L5.59961 22.6797L16.2793 12L5.59961 1.32031L7.01367 -0.09375L19.1074 12Z\" fill=\"currentColor\"\/>\n<\/svg>\n\t\t\n\t<\/span>\n\n\t<span class=\"btn-inner btn-inner-pewpew\" aria-hidden=\"true\">\n\n\t\t\n\t\t<span class=\"btn-inner-title \">\n\t\t\tExplorer les postes ouverts\n\t\t<\/span>\n\n\t\t\t\t\t\t<svg class=\"icon-chevron-right\" width=\"16\" height=\"16\" viewBox=\"0 0 24 24\" fill=\"none\" xmlns=\"http:\/\/www.w3.org\/2000\/svg\">\n<path d=\"M19.1074 12L7.01367 24.0938L5.59961 22.6797L16.2793 12L5.59961 1.32031L7.01367 -0.09375L19.1074 12Z\" fill=\"currentColor\"\/>\n<\/svg>\n\t\t\n\t<\/span>\n\n\n<\/a>\n\n\t\n\t\n\n\t\t\t\t\t<\/div>\n\t<\/div>\t\t\n\t<\/div>\n<\/div>\n\n<\/div>\n<\/div>\n\n","protected":false},"excerpt":{"rendered":"","protected":false},"author":1,"featured_media":0,"parent":0,"menu_order":0,"comment_status":"closed","ping_status":"closed","template":"","meta":{"_acf_changed":false,"inline_featured_image":false,"footnotes":""},"search-filter":[],"class_list":["post-8168","page","type-page","status-publish","hentry"],"acf":[],"_links":{"self":[{"href":"https:\/\/www.jungbunzlauer.com\/fr\/wp-json\/wp\/v2\/pages\/8168","targetHints":{"allow":["GET"]}}],"collection":[{"href":"https:\/\/www.jungbunzlauer.com\/fr\/wp-json\/wp\/v2\/pages"}],"about":[{"href":"https:\/\/www.jungbunzlauer.com\/fr\/wp-json\/wp\/v2\/types\/page"}],"author":[{"embeddable":true,"href":"https:\/\/www.jungbunzlauer.com\/fr\/wp-json\/wp\/v2\/users\/1"}],"replies":[{"embeddable":true,"href":"https:\/\/www.jungbunzlauer.com\/fr\/wp-json\/wp\/v2\/comments?post=8168"}],"version-history":[{"count":13,"href":"https:\/\/www.jungbunzlauer.com\/fr\/wp-json\/wp\/v2\/pages\/8168\/revisions"}],"predecessor-version":[{"id":14630,"href":"https:\/\/www.jungbunzlauer.com\/fr\/wp-json\/wp\/v2\/pages\/8168\/revisions\/14630"}],"wp:attachment":[{"href":"https:\/\/www.jungbunzlauer.com\/fr\/wp-json\/wp\/v2\/media?parent=8168"}],"wp:term":[{"taxonomy":"search-filter","embeddable":true,"href":"https:\/\/www.jungbunzlauer.com\/fr\/wp-json\/wp\/v2\/search-filter?post=8168"}],"curies":[{"name":"wp","href":"https:\/\/api.w.org\/{rel}","templated":true}]}}