{"id":8174,"date":"2025-04-22T14:34:49","date_gmt":"2025-04-22T14:34:49","guid":{"rendered":"https:\/\/jbl-test.brandpie.com\/carreras-profesionales\/la-vida-en-jungbunzlauer\/"},"modified":"2025-06-27T13:02:41","modified_gmt":"2025-06-27T13:02:41","slug":"la-vida-en-jungbunzlauer","status":"publish","type":"page","link":"https:\/\/www.jungbunzlauer.com\/es\/carreras-profesionales\/la-vida-en-jungbunzlauer\/","title":{"rendered":"La vida en Jungbunzlauer"},"content":{"rendered":"<div class=\"block__hero-banner---illustration \/  is-block theme theme-dark highlight-blue\">\n\t<div class=\"container no-gutters relative \/ py min-h-banner-hero-mobile md:min-h-banner-hero \/ flex flex-col justify-end md:justify-center\">\n\n\t\t\t<div class=\"js-lottie-container-desktop \/ absolute inset-0 z-0\" data-lottie-desktop=\"https:\/\/lottie.host\/151a94c6-0714-4766-abe4-7708872db9a7\/ukUYoAYGuV.json\"><\/div>\n\n\t\t<div class=\"lg:grid grid-cols-12 px-gutter\">\n\t\t\t<div class=\"lg:col-span-6 \/ flex flex-col gap-32 \/ relative z-10\">\n\n\t\t\t\t\n<p class=\"page-title mb-0\" data-scroll-class='fadeInUpBig'>\n\t\t\tLa vida en Jungbunzlauer\n\t<\/p>\t\t\t\t\t<div class=\"text-lg mb-0\" data-scroll-class='fadeInUpBig' data-scroll-delay='200'>\n\t\tEl \u00e9xito de las grandes empresas est\u00e1 impulsado por grandes personas. En Jungbunzlauer, estamos comprometidos a mantener nuestra organizaci\u00f3n s\u00f3lida, din\u00e1mica y orientada al futuro. Pero el \u00e9xito no se trata solo de individuos, sino tambi\u00e9n de c\u00f3mo trabajamos juntos. Creemos en encontrar el equilibrio adecuado entre la iniciativa personal y el trabajo en equipo, entre la estructura y la flexibilidad. Este equilibrio nos permite fomentar la innovaci\u00f3n, mantener la excelencia y crear un entorno donde todos puedan contribuir y desarrollarse.\n\t<\/div>\n\t\t\t\t\n\t\t\t\t\n\t\t\t\t\n\n\t\t\t<\/div>\n\t\t<\/div>\n\n\n\t<\/div>\n<\/div>\n\n\n\n<div class=\"block__image-panel \/  is-block theme theme-white highlight-blue relative overflow-hidden mx-auto\">\n\n\t<div class=\"container flex flex-col lg:block justify-end min-h-full-svh relative z-10 py\">\n\t\t<div class='lg:grid grid-cols-2'>\n\t\t\t\n\t\t\t<div class=\"card__item p-24\" data-scroll-class='fadeInUpBig'>\n\t\t\t\t<div class=\"delay-children flex-stack gap-24\">\n\n<h2 id=\"perspectivas-diferentes,-mejores-soluciones.&nbsp;\" data-scroll-class=\"fadeInUpSmall\" class=\"wp-block-heading\">Perspectivas diferentes, mejores soluciones.&nbsp;<\/h2>\n\n\n\n<p data-scroll-class=\"fadeInUpSmall\">La innovaci\u00f3n prospera cuando mentes diversas se unen. En Jungbunzlauer, creemos que las diferentes perspectivas conducen a mejores soluciones, ya sea en el desarrollo de productos, la optimizaci\u00f3n de procesos o la toma de decisiones cotidianas. Al fomentar un entorno de trabajo abierto e inclusivo, alentamos la colaboraci\u00f3n, desafiamos suposiciones e impulsamos la mejora continua. Juntos, creamos soluciones m\u00e1s inteligentes y sostenibles para el futuro.&nbsp;<\/p>\n\n<\/div>\n\t\t\t<\/div>\n\t\t<\/div>\n\t<\/div>\n\n\n\t\n\t\t\t\t\n\t<picture class=\"\" data-media-id=\"6668\">\n\t\t<source media=\"(min-width:1400px)\" srcset=\"https:\/\/www.jungbunzlauer.com\/wp-content\/uploads\/2025\/06\/careers_lifeatJBL_C3-2500-x-1090.webp\">\n\t\t<source media=\"(min-width:1280px)\" srcset=\"https:\/\/www.jungbunzlauer.com\/wp-content\/uploads\/2025\/06\/careers_lifeatJBL_C3-2500-x-1090-1920x837.webp\">\n\t\t<source media=\"(min-width:768px)\" srcset=\"https:\/\/www.jungbunzlauer.com\/wp-content\/uploads\/2025\/06\/careers_lifeatJBL_C3-2500-x-1090-1024x446.webp\">\n\n\t\t\t\t\t<img decoding=\"async\" class=\"absolute inset-0 z-0 w-full h-full aspect-landscape object-cover \" src=\"https:\/\/www.jungbunzlauer.com\/wp-content\/uploads\/2025\/06\/careers_lifeatJBL_C3-6x7-3-680x800.webp\" alt=\"Man and woman in business attire sitting at a round table with a laptop, having a discussion in a modern office space with large windows and horizontal blinds.\" loading=\"lazy\">\n\t\t\n  <\/picture>\n\n\n<\/div>\n\n\n\n\n<div class=\"block__content-container \/  is-block theme theme-white highlight-blue pt-md pb-md text-start justify-start\">\n\t<div class=\"container group  container-default \">\n\n\n<div class=\"block__introduction \/  is-block theme theme-white highlight-blue pt-0 pb-0\">\n\t<div class=\"container\">\n\n\t\t\t\t\t<div class=\"flex flex-stack gap-24 justify-center items-center text-center\">\n\t\n\t\t\t<h2 class=\"h2\" data-scroll-class='fadeInUpSmall' data-scroll-delay='200'>\n\t\t\tEncuentra tu camino. Deja tu huella.\n\t\t<\/h2>\n\t\n\n\t\t\t<div class=\"text-lg flex-stack gap-24\" data-scroll-class='fadeInUpSmall' data-scroll-delay='400'>\n\t\t\t<p>En Jungbunzlauer, cada rol OR cada posici\u00f3n aporta al prop\u00f3sito de ofrecer ingredientes sostenibles y de alta calidad que marcan la diferencia en la vida cotidiana.<br \/>\nYa sea que est\u00e9s produciendo ingredientes esenciales, impulsando la innovaci\u00f3n, apoyando funciones empresariales clave o comenzando tu carrera a trav\u00e9s de un programa de formaci\u00f3n, encontrar\u00e1s oportunidades para crecer, colaborar y generar un impacto real. \u00danete a nosotros y forma parte de un equipo que valora el compromiso, el trabajo en equipo, la excelencia y la responsabilidad.<\/p>\n\n\t\t<\/div>\n\t\n\t\t\t<div class=\"flex gap-16\" data-scroll-class='fadeInUpSmall' data-scroll-delay='600'>\n\t\t\t\t\t\t\t\t\t\t\t\t<\/div>\n\t<\/div>\t\t\n\t<\/div>\n<\/div>\n\n<\/div>\n<\/div>\n\n\n\n\n\n\n<div class=\"block__scrollable-content \/  is-block theme theme-white highlight-blue pt-0 pb-md \/ js-scrollable-content\">\n\t<div class=\"container\">\n\n\t\t<div class='flex flex-col gap-gutter \/ xl:grid grid-cols-12 xl:gap-0'>\n\t\t\t<div class='block__scrollable-content__left col-span-6 \/ relative \/ xl:mr-64'>\n\t\t\t\t\t\t\t\t\t\n\t\t\t\t\n\t<picture class=\"js-content-image js-content-image-1 is-current\" data-media-id=\"6392\">\n\t\t<source media=\"(min-width:1400px)\" srcset=\"https:\/\/www.jungbunzlauer.com\/wp-content\/uploads\/2025\/06\/careers_lifeatJBL_C4.1-6x7-3.webp\">\n\t\t<source media=\"(min-width:1280px)\" srcset=\"https:\/\/www.jungbunzlauer.com\/wp-content\/uploads\/2025\/06\/careers_lifeatJBL_C4.1-6x7-3.webp\">\n\t\t<source media=\"(min-width:768px)\" srcset=\"https:\/\/www.jungbunzlauer.com\/wp-content\/uploads\/2025\/06\/careers_lifeatJBL_C4.1-6x7-3-871x1024.webp\">\n\n\t\t\t\t\t<img decoding=\"async\" class=\"aspect-banner xl:aspect-portrait object-cover object-center w-full h-full sticky top-[160px] \" src=\"https:\/\/www.jungbunzlauer.com\/wp-content\/uploads\/2025\/06\/careers_lifeatJBL_C4.1-6x7-3-680x800.webp\" alt=\"Industrial worker wearing safety gear inspecting a large stainless steel tank in a factory setting with complex piping and metal structures.\" width=\"999\" height=\"1175\" loading=\"lazy\">\n\t\t\n  <\/picture>\n\t\t\t\t\t\t\t\t\t\n\t\t\t\t\n\t<picture class=\"js-content-image js-content-image-2 \" data-media-id=\"6406\">\n\t\t<source media=\"(min-width:1400px)\" srcset=\"https:\/\/www.jungbunzlauer.com\/wp-content\/uploads\/2025\/06\/careers_lifeatJBL_C4.2-6x7-3.webp\">\n\t\t<source media=\"(min-width:1280px)\" srcset=\"https:\/\/www.jungbunzlauer.com\/wp-content\/uploads\/2025\/06\/careers_lifeatJBL_C4.2-6x7-3.webp\">\n\t\t<source media=\"(min-width:768px)\" srcset=\"https:\/\/www.jungbunzlauer.com\/wp-content\/uploads\/2025\/06\/careers_lifeatJBL_C4.2-6x7-3-871x1024.webp\">\n\n\t\t\t\t\t<img decoding=\"async\" class=\"aspect-banner xl:aspect-portrait object-cover object-center w-full h-full sticky top-[160px] \" src=\"https:\/\/www.jungbunzlauer.com\/wp-content\/uploads\/2025\/06\/careers_lifeatJBL_C4.2-6x7-3-680x800.webp\" alt=\"Smiling man in a grey shirt working at a computer in a bright office environment with natural light and green plants.\" width=\"999\" height=\"1175\" loading=\"lazy\">\n\t\t\n  <\/picture>\n\t\t\t\t\t\t\t\t\t\n\t\t\t\t\n\t<picture class=\"js-content-image js-content-image-3 \" data-media-id=\"6434\">\n\t\t<source media=\"(min-width:1400px)\" srcset=\"https:\/\/www.jungbunzlauer.com\/wp-content\/uploads\/2025\/06\/careers_lifeatJBL_C4.3-6x7-3.webp\">\n\t\t<source media=\"(min-width:1280px)\" srcset=\"https:\/\/www.jungbunzlauer.com\/wp-content\/uploads\/2025\/06\/careers_lifeatJBL_C4.3-6x7-3.webp\">\n\t\t<source media=\"(min-width:768px)\" srcset=\"https:\/\/www.jungbunzlauer.com\/wp-content\/uploads\/2025\/06\/careers_lifeatJBL_C4.3-6x7-3-871x1024.webp\">\n\n\t\t\t\t\t<img decoding=\"async\" class=\"aspect-banner xl:aspect-portrait object-cover object-center w-full h-full sticky top-[160px] \" src=\"https:\/\/www.jungbunzlauer.com\/wp-content\/uploads\/2025\/06\/careers_lifeatJBL_C4.3-6x7-3-680x800.webp\" alt=\"Female scientist in a lab coat using a touchscreen interface in a laboratory setting, smiling while interacting with the equipment.\" width=\"999\" height=\"1175\" loading=\"lazy\">\n\t\t\n  <\/picture>\n\t\t\t\t\t\t\t\t\t\n\t\t\t\t\n\t<picture class=\"js-content-image js-content-image-4 \" data-media-id=\"6357\">\n\t\t<source media=\"(min-width:1400px)\" srcset=\"https:\/\/www.jungbunzlauer.com\/wp-content\/uploads\/2025\/06\/careers_lifeatJBL_C4.4-6x7-3.webp\">\n\t\t<source media=\"(min-width:1280px)\" srcset=\"https:\/\/www.jungbunzlauer.com\/wp-content\/uploads\/2025\/06\/careers_lifeatJBL_C4.4-6x7-3.webp\">\n\t\t<source media=\"(min-width:768px)\" srcset=\"https:\/\/www.jungbunzlauer.com\/wp-content\/uploads\/2025\/06\/careers_lifeatJBL_C4.4-6x7-3-871x1024.webp\">\n\n\t\t\t\t\t<img decoding=\"async\" class=\"aspect-banner xl:aspect-portrait object-cover object-center w-full h-full sticky top-[160px] \" src=\"https:\/\/www.jungbunzlauer.com\/wp-content\/uploads\/2025\/06\/careers_lifeatJBL_C4.4-6x7-3-680x800.webp\" alt=\"Woman walking down a modern indoor staircase with orange railings, in a bright office space with wooden bookshelves and contemporary design.\" width=\"999\" height=\"1175\" loading=\"lazy\">\n\t\t\n  <\/picture>\n\t\t\t\t\t\t\t<\/div>\n\n\n\t\t\t<div class='block__scrollable-content__right \/ col-span-6 \/ md:grid grid-cols-2 gap-x-gutter xl:flex xl:flex-col'>\n\t\t\t\t\t\t\t\t\t<div class=\"xl:pl-64 \/ flex flex-col-reverse md:grid grid-rows-subgrid row-span-2\" data-scroll-class='fadeIn' data-scroll-delay=\"100\">\n\n\t<button\n\t\ttype=\"button\"\n\t\tdata-image-id=\"1\"\n\t\tclass=\"js-content-button is-current \/ transition \/ flex flex-col gap-24 \/ text-left cursor-pointer \/ py-32\">\n\n\t\t<h2 class=\"h4 mb-0\" data-scroll-class='fadeInUpSmall' data-scroll-delay=\"100\">\n\t\t\tFabricaci\u00f3n y Operaciones\n\t\t<\/h2>\n\n\t\t<div class=\"mb-0\" data-scroll-class='fadeInUpSmall' data-scroll-delay=\"200\">\n\t\t\tNuestros equipos de Fabricaci\u00f3n y Operaciones est\u00e1n en el centro de nuestra producci\u00f3n, garantizando que nuestros ingredientes de alta calidad se elaboren de manera eficiente, segura y sostenible. Ya sea en producci\u00f3n, control de calidad o log\u00edstica, nuestros equipos desempe\u00f1an un papel crucial en la entrega de soluciones fiables a nuestros clientes. Con un fuerte enfoque en la seguridad, la innovaci\u00f3n y la mejora continua, ofrecemos un entorno donde la experiencia y el trabajo en equipo impulsan el \u00e9xito.\n\t\t<\/div>\n\t<\/button>\n\n\t\n\t\t\t\t\n\t<picture class=\"js-content-image-mobile\" data-media-id=\"6392\">\n\t\t<source media=\"(min-width:1400px)\" srcset=\"https:\/\/www.jungbunzlauer.com\/wp-content\/uploads\/2025\/06\/careers_lifeatJBL_C4.1-6x7-3.webp\">\n\t\t<source media=\"(min-width:1280px)\" srcset=\"https:\/\/www.jungbunzlauer.com\/wp-content\/uploads\/2025\/06\/careers_lifeatJBL_C4.1-6x7-3.webp\">\n\t\t<source media=\"(min-width:768px)\" srcset=\"https:\/\/www.jungbunzlauer.com\/wp-content\/uploads\/2025\/06\/careers_lifeatJBL_C4.1-6x7-3-871x1024.webp\">\n\n\t\t\t\t\t<img decoding=\"async\" class=\"aspect-banner object-cover object-center w-full h-full \" src=\"https:\/\/www.jungbunzlauer.com\/wp-content\/uploads\/2025\/06\/careers_lifeatJBL_C4.1-6x7-3-680x800.webp\" alt=\"Industrial worker wearing safety gear inspecting a large stainless steel tank in a factory setting with complex piping and metal structures.\" width=\"999\" height=\"1175\" loading=\"lazy\">\n\t\t\n  <\/picture>\n\n<\/div>\t\t\t\t\t\t\t\t\t<div class=\"xl:pl-64 \/ flex flex-col-reverse md:grid grid-rows-subgrid row-span-2\" data-scroll-class='fadeIn' data-scroll-delay=\"200\">\n\n\t<button\n\t\ttype=\"button\"\n\t\tdata-image-id=\"2\"\n\t\tclass=\"js-content-button  \/ transition \/ flex flex-col gap-24 \/ text-left cursor-pointer \/ py-32\">\n\n\t\t<h2 class=\"h4 mb-0\" data-scroll-class='fadeInUpSmall' data-scroll-delay=\"200\">\n\t\t\tNegocios y Administraci\u00f3n\n\t\t<\/h2>\n\n\t\t<div class=\"mb-0\" data-scroll-class='fadeInUpSmall' data-scroll-delay=\"300\">\n\t\t\tDesde ventas y marketing hasta finanzas y gesti\u00f3n de la cadena de suministro, nuestros equipos de Negocios y Administraci\u00f3n garantizan el buen funcionamiento de la empresa. Al colaborar entre departamentos y mercados, aseguran que sigamos siendo competitivos, centrados en el cliente e innovadores. Ya sea que est\u00e9s definiendo estrategias, gestionando operaciones o apoyando funciones clave, formar\u00e1s parte de un entorno din\u00e1mico donde tus aportaciones realmente marcan la diferencia.\n\t\t<\/div>\n\t<\/button>\n\n\t\n\t\t\t\t\n\t<picture class=\"js-content-image-mobile\" data-media-id=\"6406\">\n\t\t<source media=\"(min-width:1400px)\" srcset=\"https:\/\/www.jungbunzlauer.com\/wp-content\/uploads\/2025\/06\/careers_lifeatJBL_C4.2-6x7-3.webp\">\n\t\t<source media=\"(min-width:1280px)\" srcset=\"https:\/\/www.jungbunzlauer.com\/wp-content\/uploads\/2025\/06\/careers_lifeatJBL_C4.2-6x7-3.webp\">\n\t\t<source media=\"(min-width:768px)\" srcset=\"https:\/\/www.jungbunzlauer.com\/wp-content\/uploads\/2025\/06\/careers_lifeatJBL_C4.2-6x7-3-871x1024.webp\">\n\n\t\t\t\t\t<img decoding=\"async\" class=\"aspect-banner object-cover object-center w-full h-full \" src=\"https:\/\/www.jungbunzlauer.com\/wp-content\/uploads\/2025\/06\/careers_lifeatJBL_C4.2-6x7-3-680x800.webp\" alt=\"Smiling man in a grey shirt working at a computer in a bright office environment with natural light and green plants.\" width=\"999\" height=\"1175\" loading=\"lazy\">\n\t\t\n  <\/picture>\n\n<\/div>\t\t\t\t\t\t\t\t\t<div class=\"xl:pl-64 \/ flex flex-col-reverse md:grid grid-rows-subgrid row-span-2\" data-scroll-class='fadeIn' data-scroll-delay=\"300\">\n\n\t<button\n\t\ttype=\"button\"\n\t\tdata-image-id=\"3\"\n\t\tclass=\"js-content-button  \/ transition \/ flex flex-col gap-24 \/ text-left cursor-pointer \/ py-32\">\n\n\t\t<h2 class=\"h4 mb-0\" data-scroll-class='fadeInUpSmall' data-scroll-delay=\"300\">\n\t\t\tInvestigaci\u00f3n y Desarrollo\n\t\t<\/h2>\n\n\t\t<div class=\"mb-0\" data-scroll-class='fadeInUpSmall' data-scroll-delay=\"400\">\n\t\t\tLa innovaci\u00f3n est\u00e1 en el centro de todo lo que hacemos. Nuestros equipos de Investigaci\u00f3n y Desarrollo trabajan en el avance de nuestros ingredientes, la mejora de formulaciones y el desarrollo de nuevas aplicaciones para responder a las necesidades cambiantes del mercado. Ya sea en nuestros laboratorios o en tecnolog\u00eda de aplicaciones, combinamos experiencia cient\u00edfica con sostenibilidad para crear soluciones de alto rendimiento y de origen biol\u00f3gico que dan forma al futuro de nuestra industria.\n\t\t<\/div>\n\t<\/button>\n\n\t\n\t\t\t\t\n\t<picture class=\"js-content-image-mobile\" data-media-id=\"6434\">\n\t\t<source media=\"(min-width:1400px)\" srcset=\"https:\/\/www.jungbunzlauer.com\/wp-content\/uploads\/2025\/06\/careers_lifeatJBL_C4.3-6x7-3.webp\">\n\t\t<source media=\"(min-width:1280px)\" srcset=\"https:\/\/www.jungbunzlauer.com\/wp-content\/uploads\/2025\/06\/careers_lifeatJBL_C4.3-6x7-3.webp\">\n\t\t<source media=\"(min-width:768px)\" srcset=\"https:\/\/www.jungbunzlauer.com\/wp-content\/uploads\/2025\/06\/careers_lifeatJBL_C4.3-6x7-3-871x1024.webp\">\n\n\t\t\t\t\t<img decoding=\"async\" class=\"aspect-banner object-cover object-center w-full h-full \" src=\"https:\/\/www.jungbunzlauer.com\/wp-content\/uploads\/2025\/06\/careers_lifeatJBL_C4.3-6x7-3-680x800.webp\" alt=\"Female scientist in a lab coat using a touchscreen interface in a laboratory setting, smiling while interacting with the equipment.\" width=\"999\" height=\"1175\" loading=\"lazy\">\n\t\t\n  <\/picture>\n\n<\/div>\t\t\t\t\t\t\t\t\t<div class=\"xl:pl-64 \/ flex flex-col-reverse md:grid grid-rows-subgrid row-span-2\" data-scroll-class='fadeIn' data-scroll-delay=\"400\">\n\n\t<button\n\t\ttype=\"button\"\n\t\tdata-image-id=\"4\"\n\t\tclass=\"js-content-button  \/ transition \/ flex flex-col gap-24 \/ text-left cursor-pointer \/ py-32\">\n\n\t\t<h2 class=\"h4 mb-0\" data-scroll-class='fadeInUpSmall' data-scroll-delay=\"400\">\n\t\t\tAprendiz\n\t\t<\/h2>\n\n\t\t<div class=\"mb-0\" data-scroll-class='fadeInUpSmall' data-scroll-delay=\"500\">\n\t\t\tComenzar tu carrera con nosotros significa adquirir experiencia pr\u00e1ctica, aprender de profesionales con experiencia y construir una base s\u00f3lida para tu futuro. Nuestros programas de formaci\u00f3n ofrecen aprendizaje pr\u00e1ctico en una variedad de \u00e1reas, desde funciones t\u00e9cnicas en producci\u00f3n e I&#038;D, hasta roles orientados al \u00e1mbito empresarial. Invertimos en tu desarrollo, brind\u00e1ndote mentor\u00eda, oportunidades de crecimiento y un entorno de apoyo donde puedas prosperar.\n\t\t<\/div>\n\t<\/button>\n\n\t\n\t\t\t\t\n\t<picture class=\"js-content-image-mobile\" data-media-id=\"6357\">\n\t\t<source media=\"(min-width:1400px)\" srcset=\"https:\/\/www.jungbunzlauer.com\/wp-content\/uploads\/2025\/06\/careers_lifeatJBL_C4.4-6x7-3.webp\">\n\t\t<source media=\"(min-width:1280px)\" srcset=\"https:\/\/www.jungbunzlauer.com\/wp-content\/uploads\/2025\/06\/careers_lifeatJBL_C4.4-6x7-3.webp\">\n\t\t<source media=\"(min-width:768px)\" srcset=\"https:\/\/www.jungbunzlauer.com\/wp-content\/uploads\/2025\/06\/careers_lifeatJBL_C4.4-6x7-3-871x1024.webp\">\n\n\t\t\t\t\t<img decoding=\"async\" class=\"aspect-banner object-cover object-center w-full h-full \" src=\"https:\/\/www.jungbunzlauer.com\/wp-content\/uploads\/2025\/06\/careers_lifeatJBL_C4.4-6x7-3-680x800.webp\" alt=\"Woman walking down a modern indoor staircase with orange railings, in a bright office space with wooden bookshelves and contemporary design.\" width=\"999\" height=\"1175\" loading=\"lazy\">\n\t\t\n  <\/picture>\n\n<\/div>\t\t\t\t\t\t\t<\/div>\n\t\t<\/div>\n\n\t<\/div>\n<\/div>\n\n\n\n<div class=\"block__content-container \/  is-block theme theme-light highlight-blue pt-md pb-md text-start justify-start\">\n\t<div class=\"container group  container-md  container-center\">\n\n\n<div class=\"block__introduction \/  is-block theme theme-light highlight-blue pt-0 pb-sm\">\n\t<div class=\"container\">\n\n\t\t\t\t\t<div class=\"flex flex-stack gap-24 justify-center items-center text-center\">\n\t\n\t\t\t<h2 class=\"h2\" data-scroll-class='fadeInUpSmall' data-scroll-delay='200'>\n\t\t\tValores fundamentales\n\t\t<\/h2>\n\t\n\n\t\n\t\t\t<div class=\"flex gap-16\" data-scroll-class='fadeInUpSmall' data-scroll-delay='600'>\n\t\t\t\t\t\t\t\t\t\t\t\t<\/div>\n\t<\/div>\t\t\n\t<\/div>\n<\/div>\n\n\n<div class=\"flex flex-col md:flex-row gap-gutter md:gap-gutter-lg block__columns \/  is-block\">\n<div class=\"block__column \/  is-block text-start justify-start flex-1 md:basis-1\/4\">\n\n<figure data-scroll-class=\"fadeInUpSmall\" class=\"wp-block-image size-full\"><img decoding=\"async\" src=\"https:\/\/www.jungbunzlauer.com\/wp-content\/uploads\/2025\/05\/placeholder-Icons2.svg\" alt=\"icono\" class=\"wp-image-1609\"\/><\/figure>\n\n\n\n<h4 data-scroll-class=\"fadeInUpSmall\" class=\"wp-block-heading has-text-align-left\">Curiosidad<\/h4>\n\n<\/div>\n\n<div class=\"block__column \/  is-block text-start justify-start flex-1 md:basis-1\/4\">\n\n<figure data-scroll-class=\"fadeInUpSmall\" class=\"wp-block-image size-full\"><img decoding=\"async\" src=\"https:\/\/www.jungbunzlauer.com\/wp-content\/uploads\/2025\/05\/placeholder-Icons4.svg\" alt=\"icono\" class=\"wp-image-1611\"\/><\/figure>\n\n\n\n<h4 data-scroll-class=\"fadeInUpSmall\" class=\"wp-block-heading has-text-align-left\">Valent\u00eda<\/h4>\n\n<\/div>\n\n<div class=\"block__column \/  is-block text-start justify-start flex-1 md:basis-1\/4\">\n\n<figure data-scroll-class=\"fadeInUpSmall\" class=\"wp-block-image size-full\"><img decoding=\"async\" src=\"https:\/\/www.jungbunzlauer.com\/wp-content\/uploads\/2025\/05\/placeholder-Icons3.svg\" alt=\"icono\" class=\"wp-image-1610\"\/><\/figure>\n\n\n\n<h4 data-scroll-class=\"fadeInUpSmall\" class=\"wp-block-heading has-text-align-left\">Cuidado<\/h4>\n\n<\/div>\n\n<div class=\"block__column \/  is-block text-start justify-start flex-1 md:basis-1\/4\">\n\n<figure data-scroll-class=\"fadeInUpSmall\" class=\"wp-block-image size-full\"><img decoding=\"async\" src=\"https:\/\/www.jungbunzlauer.com\/wp-content\/uploads\/2025\/05\/placeholder-Icons1.svg\" alt=\"icono\" class=\"wp-image-1608\"\/><\/figure>\n\n\n\n<h4 data-scroll-class=\"fadeInUpSmall\" class=\"wp-block-heading has-text-align-left\">Colaboraci\u00f3n<\/h4>\n\n<\/div>\n<\/div>\n\n<\/div>\n<\/div>\n\n\n\n\n\n\n<div class=\"block__media-combo \/  is-block theme theme-dark highlight-blue fullbleed__container overflow-hidden\">\n\n\n\t<div class=\"fullbleed__left p-24 md:p-32 lg:pr-gutter-xxl py-lg\">\n\t<div class=\"acf-innerblocks-container\">\n\n<h2 id=\"sostenibilidad&nbsp;\" data-scroll-class=\"fadeInUpSmall\" class=\"wp-block-heading\">Sostenibilidad&nbsp;<\/h2>\n\n\n\n<p data-scroll-class=\"fadeInUpSmall\">En Jungbunzlauer, la sostenibilidad no es solo un compromiso: es el n\u00facleo de todo lo que hacemos. Desde el abastecimiento responsable y la producci\u00f3n eficiente, hasta el desarrollo de soluciones biodegradables y de base biol\u00f3gica, nos esforzamos por reducir nuestro impacto ambiental mientras ofrecemos ingredientes de alta calidad. \u00danete a nosotros y se parte de un equipo que contribuye activamente a un futuro m\u00e1s sostenible.<\/p>\n\n\n\n\t\n\t<div class=\"block__buttons \/  is-block pt-0 pb-0 \/ flex flex-row justify-start gap-gutter-sm flex-wrap\" data-scroll-class='fadeInUpSmall'>\n\t\t\n\n\t\t\t\n\n<a tabindex=\"\" href=\"https:\/\/www.jungbunzlauer.com\/es\/sostenibilidad\/\" class=\"btn \" target=\"\" id=\"\">\n\n\t<span class=\"btn-inner btn-inner-initial\">\n\n\t\t\n\t\t<span class=\"btn-inner-title \">\n\t\t\tVer m\u00e1s\n\t\t<\/span>\n\n\t\t\t\t\t\t<svg class=\"icon-chevron-right\" width=\"16\" height=\"16\" viewBox=\"0 0 24 24\" fill=\"none\" xmlns=\"http:\/\/www.w3.org\/2000\/svg\">\n<path d=\"M19.1074 12L7.01367 24.0938L5.59961 22.6797L16.2793 12L5.59961 1.32031L7.01367 -0.09375L19.1074 12Z\" fill=\"currentColor\"\/>\n<\/svg>\n\t\t\n\t<\/span>\n\n\t<span class=\"btn-inner btn-inner-pewpew\" aria-hidden=\"true\">\n\n\t\t\n\t\t<span class=\"btn-inner-title \">\n\t\t\tVer m\u00e1s\n\t\t<\/span>\n\n\t\t\t\t\t\t<svg class=\"icon-chevron-right\" width=\"16\" height=\"16\" viewBox=\"0 0 24 24\" fill=\"none\" xmlns=\"http:\/\/www.w3.org\/2000\/svg\">\n<path d=\"M19.1074 12L7.01367 24.0938L5.59961 22.6797L16.2793 12L5.59961 1.32031L7.01367 -0.09375L19.1074 12Z\" fill=\"currentColor\"\/>\n<\/svg>\n\t\t\n\t<\/span>\n\n\n<\/a>\n\n\t\n\t\n\n\t<\/div>\n\n<\/div>\n<\/div>\n\t<figure class=\"fullbleed__right relative overflow-hidden \/ -mx-gutter lg:mx-0\" data-scroll-class='fadeInLeftBig'>\n\t\t\t\n\t\t\t\t\n\t<picture class=\"\" data-media-id=\"6112\">\n\t\t<source media=\"(min-width:1400px)\" srcset=\"https:\/\/www.jungbunzlauer.com\/wp-content\/uploads\/2025\/06\/careers_lifeatJBL_C5-1000.webp\">\n\t\t<source media=\"(min-width:1280px)\" srcset=\"https:\/\/www.jungbunzlauer.com\/wp-content\/uploads\/2025\/06\/careers_lifeatJBL_C5-1000.webp\">\n\t\t<source media=\"(min-width:768px)\" srcset=\"https:\/\/www.jungbunzlauer.com\/wp-content\/uploads\/2025\/06\/careers_lifeatJBL_C5-1000.webp\">\n\n\t\t\t\t\t<img decoding=\"async\" class=\"js-parallax aspect-banner lg:aspect-auto lg:absolute inset-0 object-cover object-center h-full w-full \" src=\"https:\/\/www.jungbunzlauer.com\/wp-content\/uploads\/2025\/06\/careers_lifeatJBL_C5-1000-800x533.webp\" alt=\"Rows of solar panels installed in a large open field under a bright blue sky with scattered clouds.\" width=\"1001\" height=\"667\" loading=\"lazy\">\n\t\t\n  <\/picture>\n\t<\/figure>\n\n<\/div>\n","protected":false},"excerpt":{"rendered":"","protected":false},"author":1,"featured_media":0,"parent":8171,"menu_order":0,"comment_status":"closed","ping_status":"closed","template":"","meta":{"_acf_changed":false,"inline_featured_image":false,"footnotes":""},"search-filter":[],"class_list":["post-8174","page","type-page","status-publish","hentry"],"acf":[],"_links":{"self":[{"href":"https:\/\/www.jungbunzlauer.com\/es\/wp-json\/wp\/v2\/pages\/8174","targetHints":{"allow":["GET"]}}],"collection":[{"href":"https:\/\/www.jungbunzlauer.com\/es\/wp-json\/wp\/v2\/pages"}],"about":[{"href":"https:\/\/www.jungbunzlauer.com\/es\/wp-json\/wp\/v2\/types\/page"}],"author":[{"embeddable":true,"href":"https:\/\/www.jungbunzlauer.com\/es\/wp-json\/wp\/v2\/users\/1"}],"replies":[{"embeddable":true,"href":"https:\/\/www.jungbunzlauer.com\/es\/wp-json\/wp\/v2\/comments?post=8174"}],"version-history":[{"count":3,"href":"https:\/\/www.jungbunzlauer.com\/es\/wp-json\/wp\/v2\/pages\/8174\/revisions"}],"predecessor-version":[{"id":11809,"href":"https:\/\/www.jungbunzlauer.com\/es\/wp-json\/wp\/v2\/pages\/8174\/revisions\/11809"}],"up":[{"embeddable":true,"href":"https:\/\/www.jungbunzlauer.com\/es\/wp-json\/wp\/v2\/pages\/8171"}],"wp:attachment":[{"href":"https:\/\/www.jungbunzlauer.com\/es\/wp-json\/wp\/v2\/media?parent=8174"}],"wp:term":[{"taxonomy":"search-filter","embeddable":true,"href":"https:\/\/www.jungbunzlauer.com\/es\/wp-json\/wp\/v2\/search-filter?post=8174"}],"curies":[{"name":"wp","href":"https:\/\/api.w.org\/{rel}","templated":true}]}}