{"id":8173,"date":"2025-04-22T14:34:49","date_gmt":"2025-04-22T14:34:49","guid":{"rendered":"https:\/\/jbl-test.brandpie.com\/karriere\/das-leben-bei-jungbunzlauer\/"},"modified":"2025-06-27T13:02:01","modified_gmt":"2025-06-27T13:02:01","slug":"das-leben-bei-jungbunzlauer","status":"publish","type":"page","link":"https:\/\/www.jungbunzlauer.com\/de\/karriere\/das-leben-bei-jungbunzlauer\/","title":{"rendered":"Das Leben bei Jungbunzlauer"},"content":{"rendered":"<div class=\"block__hero-banner---illustration \/  is-block theme theme-dark highlight-blue\">\n\t<div class=\"container no-gutters relative \/ py min-h-banner-hero-mobile md:min-h-banner-hero \/ flex flex-col justify-end md:justify-center\">\n\n\t\t\t<div class=\"js-lottie-container-desktop \/ absolute inset-0 z-0\" data-lottie-desktop=\"https:\/\/lottie.host\/151a94c6-0714-4766-abe4-7708872db9a7\/ukUYoAYGuV.json\"><\/div>\n\n\t\t<div class=\"lg:grid grid-cols-12 px-gutter\">\n\t\t\t<div class=\"lg:col-span-6 \/ flex flex-col gap-32 \/ relative z-10\">\n\n\t\t\t\t\n<p class=\"page-title mb-0\" data-scroll-class='fadeInUpBig'>\n\t\t\tDas Leben bei Jungbunzlauer\n\t<\/p>\t\t\t\t\t<div class=\"text-lg mb-0\" data-scroll-class='fadeInUpBig' data-scroll-delay='200'>\n\t\tDer Erfolg gro\u00dfartiger Unternehmen wird von gro\u00dfartigen Menschen getragen. Bei Jungbunzlauer setzen wir alles daran, unsere Organisation stark, dynamisch und zukunftsorientiert zu halten. Erfolg beruht jedoch nicht nur auf Einzelpersonen \u2013 sondern auch darauf, wie wir zusammenarbeiten. Wir glauben an das richtige Gleichgewicht zwischen Eigeninitiative und Teamarbeit, Struktur und Flexibilit\u00e4t. Dieses Gleichgewicht erm\u00f6glicht es uns, Innovation zu f\u00f6rdern, Exzellenz zu bewahren und ein Umfeld zu schaffen, in dem jeder einen Beitrag leisten und wachsen kann.\n\t<\/div>\n\t\t\t\t\n\t\t\t\t\n\t\t\t\t\n\n\t\t\t<\/div>\n\t\t<\/div>\n\n\n\t<\/div>\n<\/div>\n\n\n\n<div class=\"block__image-panel \/  is-block theme theme-white highlight-blue relative overflow-hidden mx-auto\">\n\n\t<div class=\"container flex flex-col lg:block justify-end min-h-full-svh relative z-10 py\">\n\t\t<div class='lg:grid grid-cols-2'>\n\t\t\t\n\t\t\t<div class=\"card__item p-24\" data-scroll-class='fadeInUpBig'>\n\t\t\t\t<div class=\"delay-children flex-stack gap-24\">\n\n<h2 id=\"unterschiedliche-perspektiven,-bessere-l\u00f6sungen.&nbsp;\" data-scroll-class=\"fadeInUpSmall\" class=\"wp-block-heading\">Unterschiedliche Perspektiven, bessere L\u00f6sungen.&nbsp;<\/h2>\n\n\n\n<p data-scroll-class=\"fadeInUpSmall\">Innovation gedeiht, wenn vielf\u00e4ltige Denkweisen zusammenkommen. Bei Jungbunzlauer sind wir davon \u00fcberzeugt, dass unterschiedliche Perspektiven zu besseren L\u00f6sungen f\u00fchren \u2013 sei es in der Produktentwicklung, der Prozessoptimierung oder bei allt\u00e4glichen Entscheidungen. Durch die F\u00f6rderung eines offenen und inklusiven Arbeitsumfelds ermutigen wir zur Zusammenarbeit, hinterfragen Annahmen und treiben kontinuierliche Verbesserungen voran. Gemeinsam erschaffen wir intelligentere und nachhaltigere L\u00f6sungen f\u00fcr die Zukunft.   &nbsp;<\/p>\n\n<\/div>\n\t\t\t<\/div>\n\t\t<\/div>\n\t<\/div>\n\n\n\t\n\t\t\t\t\n\t<picture class=\"\" data-media-id=\"6668\">\n\t\t<source media=\"(min-width:1400px)\" srcset=\"https:\/\/www.jungbunzlauer.com\/wp-content\/uploads\/2025\/06\/careers_lifeatJBL_C3-2500-x-1090.webp\">\n\t\t<source media=\"(min-width:1280px)\" srcset=\"https:\/\/www.jungbunzlauer.com\/wp-content\/uploads\/2025\/06\/careers_lifeatJBL_C3-2500-x-1090-1920x837.webp\">\n\t\t<source media=\"(min-width:768px)\" srcset=\"https:\/\/www.jungbunzlauer.com\/wp-content\/uploads\/2025\/06\/careers_lifeatJBL_C3-2500-x-1090-1024x446.webp\">\n\n\t\t\t\t\t<img decoding=\"async\" class=\"absolute inset-0 z-0 w-full h-full aspect-landscape object-cover \" src=\"https:\/\/www.jungbunzlauer.com\/wp-content\/uploads\/2025\/06\/careers_lifeatJBL_C3-6x7-3-680x800.webp\" alt=\"Man and woman in business attire sitting at a round table with a laptop, having a discussion in a modern office space with large windows and horizontal blinds.\" loading=\"lazy\">\n\t\t\n  <\/picture>\n\n\n<\/div>\n\n\n\n\n<div class=\"block__content-container \/  is-block theme theme-white highlight-blue pt-md pb-md text-start justify-start\">\n\t<div class=\"container group  container-default \">\n\n\n<div class=\"block__introduction \/  is-block theme theme-white highlight-blue pt-0 pb-0\">\n\t<div class=\"container\">\n\n\t\t\t\t\t<div class=\"flex flex-stack gap-24 justify-center items-center text-center\">\n\t\n\t\t\t<h2 class=\"h2\" data-scroll-class='fadeInUpSmall' data-scroll-delay='200'>\n\t\t\tFinde deinen Weg. Bewirke etwas.\n\t\t<\/h2>\n\t\n\n\t\t\t<div class=\"text-lg flex-stack gap-24\" data-scroll-class='fadeInUpSmall' data-scroll-delay='400'>\n\t\t\t<p>Bei Jungbunzlauer tr\u00e4gt jede Rolle zum Ziel bei, hochwertige, nachhaltige Inhaltsstoffe bereitzustellen, die im Alltag einen Unterschied machen. Ob du essenzielle Inhaltsstoffe produzierst, Innovationen vorantreibst, zentrale Gesch\u00e4ftsbereiche unterst\u00fctzt oder deine Karriere mit einer Lehre beginnst \u2013 du wirst M\u00f6glichkeiten finden, zu wachsen, zusammenzuarbeiten und echten Einfluss zu nehmen. Werde Teil eines Teams, das Engagement, Teamarbeit, Exzellenz und Verantwortung wertsch\u00e4tzt.<\/p>\n\n\t\t<\/div>\n\t\n\t\t\t<div class=\"flex gap-16\" data-scroll-class='fadeInUpSmall' data-scroll-delay='600'>\n\t\t\t\t\t\t\t\t\t\t\t\t<\/div>\n\t<\/div>\t\t\n\t<\/div>\n<\/div>\n\n<\/div>\n<\/div>\n\n\n\n\n\n\n<div class=\"block__scrollable-content \/  is-block theme theme-white highlight-blue pt-0 pb-md \/ js-scrollable-content\">\n\t<div class=\"container\">\n\n\t\t<div class='flex flex-col gap-gutter \/ xl:grid grid-cols-12 xl:gap-0'>\n\t\t\t<div class='block__scrollable-content__left col-span-6 \/ relative \/ xl:mr-64'>\n\t\t\t\t\t\t\t\t\t\n\t\t\t\t\n\t<picture class=\"js-content-image js-content-image-1 is-current\" data-media-id=\"6392\">\n\t\t<source media=\"(min-width:1400px)\" srcset=\"https:\/\/www.jungbunzlauer.com\/wp-content\/uploads\/2025\/06\/careers_lifeatJBL_C4.1-6x7-3.webp\">\n\t\t<source media=\"(min-width:1280px)\" srcset=\"https:\/\/www.jungbunzlauer.com\/wp-content\/uploads\/2025\/06\/careers_lifeatJBL_C4.1-6x7-3.webp\">\n\t\t<source media=\"(min-width:768px)\" srcset=\"https:\/\/www.jungbunzlauer.com\/wp-content\/uploads\/2025\/06\/careers_lifeatJBL_C4.1-6x7-3-871x1024.webp\">\n\n\t\t\t\t\t<img decoding=\"async\" class=\"aspect-banner xl:aspect-portrait object-cover object-center w-full h-full sticky top-[160px] \" src=\"https:\/\/www.jungbunzlauer.com\/wp-content\/uploads\/2025\/06\/careers_lifeatJBL_C4.1-6x7-3-680x800.webp\" alt=\"Industrial worker wearing safety gear inspecting a large stainless steel tank in a factory setting with complex piping and metal structures.\" width=\"999\" height=\"1175\" loading=\"lazy\">\n\t\t\n  <\/picture>\n\t\t\t\t\t\t\t\t\t\n\t\t\t\t\n\t<picture class=\"js-content-image js-content-image-2 \" data-media-id=\"6406\">\n\t\t<source media=\"(min-width:1400px)\" srcset=\"https:\/\/www.jungbunzlauer.com\/wp-content\/uploads\/2025\/06\/careers_lifeatJBL_C4.2-6x7-3.webp\">\n\t\t<source media=\"(min-width:1280px)\" srcset=\"https:\/\/www.jungbunzlauer.com\/wp-content\/uploads\/2025\/06\/careers_lifeatJBL_C4.2-6x7-3.webp\">\n\t\t<source media=\"(min-width:768px)\" srcset=\"https:\/\/www.jungbunzlauer.com\/wp-content\/uploads\/2025\/06\/careers_lifeatJBL_C4.2-6x7-3-871x1024.webp\">\n\n\t\t\t\t\t<img decoding=\"async\" class=\"aspect-banner xl:aspect-portrait object-cover object-center w-full h-full sticky top-[160px] \" src=\"https:\/\/www.jungbunzlauer.com\/wp-content\/uploads\/2025\/06\/careers_lifeatJBL_C4.2-6x7-3-680x800.webp\" alt=\"Smiling man in a grey shirt working at a computer in a bright office environment with natural light and green plants.\" width=\"999\" height=\"1175\" loading=\"lazy\">\n\t\t\n  <\/picture>\n\t\t\t\t\t\t\t\t\t\n\t\t\t\t\n\t<picture class=\"js-content-image js-content-image-3 \" data-media-id=\"6434\">\n\t\t<source media=\"(min-width:1400px)\" srcset=\"https:\/\/www.jungbunzlauer.com\/wp-content\/uploads\/2025\/06\/careers_lifeatJBL_C4.3-6x7-3.webp\">\n\t\t<source media=\"(min-width:1280px)\" srcset=\"https:\/\/www.jungbunzlauer.com\/wp-content\/uploads\/2025\/06\/careers_lifeatJBL_C4.3-6x7-3.webp\">\n\t\t<source media=\"(min-width:768px)\" srcset=\"https:\/\/www.jungbunzlauer.com\/wp-content\/uploads\/2025\/06\/careers_lifeatJBL_C4.3-6x7-3-871x1024.webp\">\n\n\t\t\t\t\t<img decoding=\"async\" class=\"aspect-banner xl:aspect-portrait object-cover object-center w-full h-full sticky top-[160px] \" src=\"https:\/\/www.jungbunzlauer.com\/wp-content\/uploads\/2025\/06\/careers_lifeatJBL_C4.3-6x7-3-680x800.webp\" alt=\"Female scientist in a lab coat using a touchscreen interface in a laboratory setting, smiling while interacting with the equipment.\" width=\"999\" height=\"1175\" loading=\"lazy\">\n\t\t\n  <\/picture>\n\t\t\t\t\t\t\t\t\t\n\t\t\t\t\n\t<picture class=\"js-content-image js-content-image-4 \" data-media-id=\"6357\">\n\t\t<source media=\"(min-width:1400px)\" srcset=\"https:\/\/www.jungbunzlauer.com\/wp-content\/uploads\/2025\/06\/careers_lifeatJBL_C4.4-6x7-3.webp\">\n\t\t<source media=\"(min-width:1280px)\" srcset=\"https:\/\/www.jungbunzlauer.com\/wp-content\/uploads\/2025\/06\/careers_lifeatJBL_C4.4-6x7-3.webp\">\n\t\t<source media=\"(min-width:768px)\" srcset=\"https:\/\/www.jungbunzlauer.com\/wp-content\/uploads\/2025\/06\/careers_lifeatJBL_C4.4-6x7-3-871x1024.webp\">\n\n\t\t\t\t\t<img decoding=\"async\" class=\"aspect-banner xl:aspect-portrait object-cover object-center w-full h-full sticky top-[160px] \" src=\"https:\/\/www.jungbunzlauer.com\/wp-content\/uploads\/2025\/06\/careers_lifeatJBL_C4.4-6x7-3-680x800.webp\" alt=\"Woman walking down a modern indoor staircase with orange railings, in a bright office space with wooden bookshelves and contemporary design.\" width=\"999\" height=\"1175\" loading=\"lazy\">\n\t\t\n  <\/picture>\n\t\t\t\t\t\t\t<\/div>\n\n\n\t\t\t<div class='block__scrollable-content__right \/ col-span-6 \/ md:grid grid-cols-2 gap-x-gutter xl:flex xl:flex-col'>\n\t\t\t\t\t\t\t\t\t<div class=\"xl:pl-64 \/ flex flex-col-reverse md:grid grid-rows-subgrid row-span-2\" data-scroll-class='fadeIn' data-scroll-delay=\"100\">\n\n\t<button\n\t\ttype=\"button\"\n\t\tdata-image-id=\"1\"\n\t\tclass=\"js-content-button is-current \/ transition \/ flex flex-col gap-24 \/ text-left cursor-pointer \/ py-32\">\n\n\t\t<h2 class=\"h4 mb-0\" data-scroll-class='fadeInUpSmall' data-scroll-delay=\"100\">\n\t\t\tProduktion &#038; Betrieb\n\t\t<\/h2>\n\n\t\t<div class=\"mb-0\" data-scroll-class='fadeInUpSmall' data-scroll-delay=\"200\">\n\t\t\tUnsere Teams in Produktion &#038; Betriebsf\u00fchrung stehen im Zentrum unserer Herstellung und sorgen daf\u00fcr, dass unsere hochwertigen Zutaten effizient, sicher und nachhaltig produziert werden. Ob in der Produktion, Qualit\u00e4tskontrolle oder Logistik \u2013 unsere Teams spielen eine entscheidende Rolle dabei, unseren Kunden verl\u00e4ssliche L\u00f6sungen zu liefern. Mit einem starken Fokus auf Sicherheit, Innovation und kontinuierlicher Verbesserung schaffen wir ein Umfeld, in dem Fachwissen und Teamarbeit den Erfolg vorantreiben.\n\t\t<\/div>\n\t<\/button>\n\n\t\n\t\t\t\t\n\t<picture class=\"js-content-image-mobile\" data-media-id=\"6392\">\n\t\t<source media=\"(min-width:1400px)\" srcset=\"https:\/\/www.jungbunzlauer.com\/wp-content\/uploads\/2025\/06\/careers_lifeatJBL_C4.1-6x7-3.webp\">\n\t\t<source media=\"(min-width:1280px)\" srcset=\"https:\/\/www.jungbunzlauer.com\/wp-content\/uploads\/2025\/06\/careers_lifeatJBL_C4.1-6x7-3.webp\">\n\t\t<source media=\"(min-width:768px)\" srcset=\"https:\/\/www.jungbunzlauer.com\/wp-content\/uploads\/2025\/06\/careers_lifeatJBL_C4.1-6x7-3-871x1024.webp\">\n\n\t\t\t\t\t<img decoding=\"async\" class=\"aspect-banner object-cover object-center w-full h-full \" src=\"https:\/\/www.jungbunzlauer.com\/wp-content\/uploads\/2025\/06\/careers_lifeatJBL_C4.1-6x7-3-680x800.webp\" alt=\"Industrial worker wearing safety gear inspecting a large stainless steel tank in a factory setting with complex piping and metal structures.\" width=\"999\" height=\"1175\" loading=\"lazy\">\n\t\t\n  <\/picture>\n\n<\/div>\t\t\t\t\t\t\t\t\t<div class=\"xl:pl-64 \/ flex flex-col-reverse md:grid grid-rows-subgrid row-span-2\" data-scroll-class='fadeIn' data-scroll-delay=\"200\">\n\n\t<button\n\t\ttype=\"button\"\n\t\tdata-image-id=\"2\"\n\t\tclass=\"js-content-button  \/ transition \/ flex flex-col gap-24 \/ text-left cursor-pointer \/ py-32\">\n\n\t\t<h2 class=\"h4 mb-0\" data-scroll-class='fadeInUpSmall' data-scroll-delay=\"200\">\n\t\t\tGesch\u00e4ft &#038; Verwaltung\n\t\t<\/h2>\n\n\t\t<div class=\"mb-0\" data-scroll-class='fadeInUpSmall' data-scroll-delay=\"300\">\n\t\t\tVon Vertrieb und Marketing bis hin zu Finanzen und Lieferkettenmanagement sorgen unsere Teams in Gesch\u00e4ft &#038; Verwaltung daf\u00fcr, dass unser Unternehmen reibungslos funktioniert. Durch abteilungs- und markt\u00fcbergreifende Zusammenarbeit stellen sie sicher, dass wir wettbewerbsf\u00e4hig, kundenzentriert und innovativ bleiben. Ob du Strategien mitgestaltest, operative Abl\u00e4ufe leitest oder zentrale Gesch\u00e4ftsbereiche unterst\u00fctzt \u2013 du wirst Teil eines dynamischen Umfelds, in dem dein Beitrag wirklich etwas bewirkt.\n\t\t<\/div>\n\t<\/button>\n\n\t\n\t\t\t\t\n\t<picture class=\"js-content-image-mobile\" data-media-id=\"6406\">\n\t\t<source media=\"(min-width:1400px)\" srcset=\"https:\/\/www.jungbunzlauer.com\/wp-content\/uploads\/2025\/06\/careers_lifeatJBL_C4.2-6x7-3.webp\">\n\t\t<source media=\"(min-width:1280px)\" srcset=\"https:\/\/www.jungbunzlauer.com\/wp-content\/uploads\/2025\/06\/careers_lifeatJBL_C4.2-6x7-3.webp\">\n\t\t<source media=\"(min-width:768px)\" srcset=\"https:\/\/www.jungbunzlauer.com\/wp-content\/uploads\/2025\/06\/careers_lifeatJBL_C4.2-6x7-3-871x1024.webp\">\n\n\t\t\t\t\t<img decoding=\"async\" class=\"aspect-banner object-cover object-center w-full h-full \" src=\"https:\/\/www.jungbunzlauer.com\/wp-content\/uploads\/2025\/06\/careers_lifeatJBL_C4.2-6x7-3-680x800.webp\" alt=\"Smiling man in a grey shirt working at a computer in a bright office environment with natural light and green plants.\" width=\"999\" height=\"1175\" loading=\"lazy\">\n\t\t\n  <\/picture>\n\n<\/div>\t\t\t\t\t\t\t\t\t<div class=\"xl:pl-64 \/ flex flex-col-reverse md:grid grid-rows-subgrid row-span-2\" data-scroll-class='fadeIn' data-scroll-delay=\"300\">\n\n\t<button\n\t\ttype=\"button\"\n\t\tdata-image-id=\"3\"\n\t\tclass=\"js-content-button  \/ transition \/ flex flex-col gap-24 \/ text-left cursor-pointer \/ py-32\">\n\n\t\t<h2 class=\"h4 mb-0\" data-scroll-class='fadeInUpSmall' data-scroll-delay=\"300\">\n\t\t\tForschung &#038; Entwicklung\n\t\t<\/h2>\n\n\t\t<div class=\"mb-0\" data-scroll-class='fadeInUpSmall' data-scroll-delay=\"400\">\n\t\t\tInnovation steht im Mittelpunkt unseres Handelns. Unsere Teams in Forschung &#038; Entwicklung arbeiten daran, unsere Zutaten weiterzuentwickeln, Formulierungen zu optimieren und neue Anwendungen zu entwickeln, um den sich wandelnden Marktbed\u00fcrfnissen gerecht zu werden. Ob in unseren Labors oder in der Anwendungstechnologie \u2013 wir verbinden wissenschaftliche Expertise mit Nachhaltigkeit, um leistungsstarke, biobasierte L\u00f6sungen zu schaffen, die die Zukunft unserer Branche mitgestalten.\n\t\t<\/div>\n\t<\/button>\n\n\t\n\t\t\t\t\n\t<picture class=\"js-content-image-mobile\" data-media-id=\"6434\">\n\t\t<source media=\"(min-width:1400px)\" srcset=\"https:\/\/www.jungbunzlauer.com\/wp-content\/uploads\/2025\/06\/careers_lifeatJBL_C4.3-6x7-3.webp\">\n\t\t<source media=\"(min-width:1280px)\" srcset=\"https:\/\/www.jungbunzlauer.com\/wp-content\/uploads\/2025\/06\/careers_lifeatJBL_C4.3-6x7-3.webp\">\n\t\t<source media=\"(min-width:768px)\" srcset=\"https:\/\/www.jungbunzlauer.com\/wp-content\/uploads\/2025\/06\/careers_lifeatJBL_C4.3-6x7-3-871x1024.webp\">\n\n\t\t\t\t\t<img decoding=\"async\" class=\"aspect-banner object-cover object-center w-full h-full \" src=\"https:\/\/www.jungbunzlauer.com\/wp-content\/uploads\/2025\/06\/careers_lifeatJBL_C4.3-6x7-3-680x800.webp\" alt=\"Female scientist in a lab coat using a touchscreen interface in a laboratory setting, smiling while interacting with the equipment.\" width=\"999\" height=\"1175\" loading=\"lazy\">\n\t\t\n  <\/picture>\n\n<\/div>\t\t\t\t\t\t\t\t\t<div class=\"xl:pl-64 \/ flex flex-col-reverse md:grid grid-rows-subgrid row-span-2\" data-scroll-class='fadeIn' data-scroll-delay=\"400\">\n\n\t<button\n\t\ttype=\"button\"\n\t\tdata-image-id=\"4\"\n\t\tclass=\"js-content-button  \/ transition \/ flex flex-col gap-24 \/ text-left cursor-pointer \/ py-32\">\n\n\t\t<h2 class=\"h4 mb-0\" data-scroll-class='fadeInUpSmall' data-scroll-delay=\"400\">\n\t\t\tAuszubildende\n\t\t<\/h2>\n\n\t\t<div class=\"mb-0\" data-scroll-class='fadeInUpSmall' data-scroll-delay=\"500\">\n\t\t\tDeine Karriere bei uns zu beginnen bedeutet, praktische Erfahrungen zu sammeln, von Experten zu lernen und ein starkes Fundament f\u00fcr deine Zukunft aufzubauen. Unsere Ausbildungsprogramme bieten praxisnahe Schulungen in verschiedenen Bereichen \u2013 von technischen T\u00e4tigkeiten in Produktion und F&#038;E bis hin zu kaufm\u00e4nnisch ausgerichteten Positionen. Wir investieren in deine Weiterentwicklung und bieten dir Mentoring, Entwicklungsm\u00f6glichkeiten und ein unterst\u00fctzendes Umfeld, in dem du dich entfalten kannst.\n\t\t<\/div>\n\t<\/button>\n\n\t\n\t\t\t\t\n\t<picture class=\"js-content-image-mobile\" data-media-id=\"6357\">\n\t\t<source media=\"(min-width:1400px)\" srcset=\"https:\/\/www.jungbunzlauer.com\/wp-content\/uploads\/2025\/06\/careers_lifeatJBL_C4.4-6x7-3.webp\">\n\t\t<source media=\"(min-width:1280px)\" srcset=\"https:\/\/www.jungbunzlauer.com\/wp-content\/uploads\/2025\/06\/careers_lifeatJBL_C4.4-6x7-3.webp\">\n\t\t<source media=\"(min-width:768px)\" srcset=\"https:\/\/www.jungbunzlauer.com\/wp-content\/uploads\/2025\/06\/careers_lifeatJBL_C4.4-6x7-3-871x1024.webp\">\n\n\t\t\t\t\t<img decoding=\"async\" class=\"aspect-banner object-cover object-center w-full h-full \" src=\"https:\/\/www.jungbunzlauer.com\/wp-content\/uploads\/2025\/06\/careers_lifeatJBL_C4.4-6x7-3-680x800.webp\" alt=\"Woman walking down a modern indoor staircase with orange railings, in a bright office space with wooden bookshelves and contemporary design.\" width=\"999\" height=\"1175\" loading=\"lazy\">\n\t\t\n  <\/picture>\n\n<\/div>\t\t\t\t\t\t\t<\/div>\n\t\t<\/div>\n\n\t<\/div>\n<\/div>\n\n\n\n<div class=\"block__content-container \/  is-block theme theme-light highlight-blue pt-md pb-md text-start justify-start\">\n\t<div class=\"container group  container-md  container-center\">\n\n\n<div class=\"block__introduction \/  is-block theme theme-light highlight-blue pt-0 pb-sm\">\n\t<div class=\"container\">\n\n\t\t\t\t\t<div class=\"flex flex-stack gap-24 justify-center items-center text-center\">\n\t\n\t\t\t<h2 class=\"h2\" data-scroll-class='fadeInUpSmall' data-scroll-delay='200'>\n\t\t\tKernwerte\n\t\t<\/h2>\n\t\n\n\t\n\t\t\t<div class=\"flex gap-16\" data-scroll-class='fadeInUpSmall' data-scroll-delay='600'>\n\t\t\t\t\t\t\t\t\t\t\t\t<\/div>\n\t<\/div>\t\t\n\t<\/div>\n<\/div>\n\n\n<div class=\"flex flex-col md:flex-row gap-gutter md:gap-gutter-lg block__columns \/  is-block\">\n<div class=\"block__column \/  is-block text-start justify-start flex-1 md:basis-1\/4\">\n\n<figure data-scroll-class=\"fadeInUpSmall\" class=\"wp-block-image size-full\"><img decoding=\"async\" src=\"https:\/\/www.jungbunzlauer.com\/wp-content\/uploads\/2025\/05\/placeholder-Icons2.svg\" alt=\"icon\" class=\"wp-image-1609\"\/><\/figure>\n\n\n\n<h4 data-scroll-class=\"fadeInUpSmall\" class=\"wp-block-heading has-text-align-left\">Neugierde<\/h4>\n\n<\/div>\n\n<div class=\"block__column \/  is-block text-start justify-start flex-1 md:basis-1\/4\">\n\n<figure data-scroll-class=\"fadeInUpSmall\" class=\"wp-block-image size-full\"><img decoding=\"async\" src=\"https:\/\/www.jungbunzlauer.com\/wp-content\/uploads\/2025\/05\/placeholder-Icons4.svg\" alt=\"icon\" class=\"wp-image-1611\"\/><\/figure>\n\n\n\n<h4 data-scroll-class=\"fadeInUpSmall\" class=\"wp-block-heading has-text-align-left\">Mut<\/h4>\n\n<\/div>\n\n<div class=\"block__column \/  is-block text-start justify-start flex-1 md:basis-1\/4\">\n\n<figure data-scroll-class=\"fadeInUpSmall\" class=\"wp-block-image size-full\"><img decoding=\"async\" src=\"https:\/\/www.jungbunzlauer.com\/wp-content\/uploads\/2025\/05\/placeholder-Icons3.svg\" alt=\"icon\" class=\"wp-image-1610\"\/><\/figure>\n\n\n\n<h4 data-scroll-class=\"fadeInUpSmall\" class=\"wp-block-heading has-text-align-left\">F\u00fcrsorge<\/h4>\n\n<\/div>\n\n<div class=\"block__column \/  is-block text-start justify-start flex-1 md:basis-1\/4\">\n\n<figure data-scroll-class=\"fadeInUpSmall\" class=\"wp-block-image size-full\"><img decoding=\"async\" src=\"https:\/\/www.jungbunzlauer.com\/wp-content\/uploads\/2025\/05\/placeholder-Icons1.svg\" alt=\"icon\" class=\"wp-image-1608\"\/><\/figure>\n\n\n\n<h4 data-scroll-class=\"fadeInUpSmall\" class=\"wp-block-heading has-text-align-left\">Kollaboration<\/h4>\n\n<\/div>\n<\/div>\n\n<\/div>\n<\/div>\n\n\n\n\n\n\n<div class=\"block__media-combo \/  is-block theme theme-dark highlight-blue fullbleed__container overflow-hidden\">\n\n\n\t<div class=\"fullbleed__left p-24 md:p-32 lg:pr-gutter-xxl py-lg\">\n\t<div class=\"acf-innerblocks-container\">\n\n<h2 id=\"nachhaltigkeit&nbsp;\" data-scroll-class=\"fadeInUpSmall\" class=\"wp-block-heading\">Nachhaltigkeit&nbsp;<\/h2>\n\n\n\n<p data-scroll-class=\"fadeInUpSmall\">Bei Jungbunzlauer ist Nachhaltigkeit mehr als nur eine Verpflichtung \u2013 sie steht im Mittelpunkt all unseres Handelns. Von verantwortungsvoller Beschaffung und effizienter Produktion bis hin zur Entwicklung biologisch abbaubarer und biobasierter L\u00f6sungen streben wir danach, unsere Umweltauswirkungen zu reduzieren und gleichzeitig hochwertige Inhaltsstoffe zu liefern. Schlie\u00dfen Sie sich uns an und werden Sie Teil eines Teams, das aktiv zu einer nachhaltigeren Zukunft beitr\u00e4gt.  &nbsp;&nbsp;<\/p>\n\n\n\n\t\n\t<div class=\"block__buttons \/  is-block pt-0 pb-0 \/ flex flex-row justify-start gap-gutter-sm flex-wrap\" data-scroll-class='fadeInUpSmall'>\n\t\t\n\n\t\t\t\n\n<a tabindex=\"\" href=\"https:\/\/www.jungbunzlauer.com\/de\/nachhaltigkeit\/\" class=\"btn \" target=\"\" id=\"\">\n\n\t<span class=\"btn-inner btn-inner-initial\">\n\n\t\t\n\t\t<span class=\"btn-inner-title \">\n\t\t\tMehr erfahren\n\t\t<\/span>\n\n\t\t\t\t\t\t<svg class=\"icon-chevron-right\" width=\"16\" height=\"16\" viewBox=\"0 0 24 24\" fill=\"none\" xmlns=\"http:\/\/www.w3.org\/2000\/svg\">\n<path d=\"M19.1074 12L7.01367 24.0938L5.59961 22.6797L16.2793 12L5.59961 1.32031L7.01367 -0.09375L19.1074 12Z\" fill=\"currentColor\"\/>\n<\/svg>\n\t\t\n\t<\/span>\n\n\t<span class=\"btn-inner btn-inner-pewpew\" aria-hidden=\"true\">\n\n\t\t\n\t\t<span class=\"btn-inner-title \">\n\t\t\tMehr erfahren\n\t\t<\/span>\n\n\t\t\t\t\t\t<svg class=\"icon-chevron-right\" width=\"16\" height=\"16\" viewBox=\"0 0 24 24\" fill=\"none\" xmlns=\"http:\/\/www.w3.org\/2000\/svg\">\n<path d=\"M19.1074 12L7.01367 24.0938L5.59961 22.6797L16.2793 12L5.59961 1.32031L7.01367 -0.09375L19.1074 12Z\" fill=\"currentColor\"\/>\n<\/svg>\n\t\t\n\t<\/span>\n\n\n<\/a>\n\n\t\n\t\n\n\t<\/div>\n\n<\/div>\n<\/div>\n\t<figure class=\"fullbleed__right relative overflow-hidden \/ -mx-gutter lg:mx-0\" data-scroll-class='fadeInLeftBig'>\n\t\t\t\n\t\t\t\t\n\t<picture class=\"\" data-media-id=\"6112\">\n\t\t<source media=\"(min-width:1400px)\" srcset=\"https:\/\/www.jungbunzlauer.com\/wp-content\/uploads\/2025\/06\/careers_lifeatJBL_C5-1000.webp\">\n\t\t<source media=\"(min-width:1280px)\" srcset=\"https:\/\/www.jungbunzlauer.com\/wp-content\/uploads\/2025\/06\/careers_lifeatJBL_C5-1000.webp\">\n\t\t<source media=\"(min-width:768px)\" srcset=\"https:\/\/www.jungbunzlauer.com\/wp-content\/uploads\/2025\/06\/careers_lifeatJBL_C5-1000.webp\">\n\n\t\t\t\t\t<img decoding=\"async\" class=\"js-parallax aspect-banner lg:aspect-auto lg:absolute inset-0 object-cover object-center h-full w-full \" src=\"https:\/\/www.jungbunzlauer.com\/wp-content\/uploads\/2025\/06\/careers_lifeatJBL_C5-1000-800x533.webp\" alt=\"Rows of solar panels installed in a large open field under a bright blue sky with scattered clouds.\" width=\"1001\" height=\"667\" loading=\"lazy\">\n\t\t\n  <\/picture>\n\t<\/figure>\n\n<\/div>\n","protected":false},"excerpt":{"rendered":"","protected":false},"author":1,"featured_media":0,"parent":8170,"menu_order":0,"comment_status":"closed","ping_status":"closed","template":"","meta":{"_acf_changed":false,"inline_featured_image":false,"footnotes":""},"search-filter":[],"class_list":["post-8173","page","type-page","status-publish","hentry"],"acf":[],"_links":{"self":[{"href":"https:\/\/www.jungbunzlauer.com\/de\/wp-json\/wp\/v2\/pages\/8173","targetHints":{"allow":["GET"]}}],"collection":[{"href":"https:\/\/www.jungbunzlauer.com\/de\/wp-json\/wp\/v2\/pages"}],"about":[{"href":"https:\/\/www.jungbunzlauer.com\/de\/wp-json\/wp\/v2\/types\/page"}],"author":[{"embeddable":true,"href":"https:\/\/www.jungbunzlauer.com\/de\/wp-json\/wp\/v2\/users\/1"}],"replies":[{"embeddable":true,"href":"https:\/\/www.jungbunzlauer.com\/de\/wp-json\/wp\/v2\/comments?post=8173"}],"version-history":[{"count":4,"href":"https:\/\/www.jungbunzlauer.com\/de\/wp-json\/wp\/v2\/pages\/8173\/revisions"}],"predecessor-version":[{"id":11808,"href":"https:\/\/www.jungbunzlauer.com\/de\/wp-json\/wp\/v2\/pages\/8173\/revisions\/11808"}],"up":[{"embeddable":true,"href":"https:\/\/www.jungbunzlauer.com\/de\/wp-json\/wp\/v2\/pages\/8170"}],"wp:attachment":[{"href":"https:\/\/www.jungbunzlauer.com\/de\/wp-json\/wp\/v2\/media?parent=8173"}],"wp:term":[{"taxonomy":"search-filter","embeddable":true,"href":"https:\/\/www.jungbunzlauer.com\/de\/wp-json\/wp\/v2\/search-filter?post=8173"}],"curies":[{"name":"wp","href":"https:\/\/api.w.org\/{rel}","templated":true}]}}