{"id":14961,"date":"2025-10-31T12:12:25","date_gmt":"2025-10-31T12:12:25","guid":{"rendered":"https:\/\/www.jungbunzlauer.com\/?page_id=14961"},"modified":"2025-11-21T08:53:46","modified_gmt":"2025-11-21T08:53:46","slug":"ladenburg-young-talents","status":"publish","type":"page","link":"https:\/\/www.jungbunzlauer.com\/de\/ladenburg-young-talents\/","title":{"rendered":"Young Talents"},"content":{"rendered":"<div class=\"block__hero-banner---simple \/  is-block theme theme-white highlight-blue py\">\n\t<div class=\"container\">\n\n\t\t<div class=\"lg:grid grid-cols-12\">\n\t\t\t<div class=\"col-span-7 \/ flex flex-col gap-32\">\n\n\t\t\t\t\n<p class=\"page-title mb-0\" data-scroll-class='fadeInUpBig'>\n\t\t\tLust auf Ausbildung?\n\t<\/p>\n\t\t\t\t\t<div class=\"text-lg mb-0\" data-scroll-class='fadeInUpBig' data-scroll-delay='200'>\n\t\tBewirb Dich f\u00fcr Deine Zukunft in einem nachhaltigen Unternehmen.\r\n\n\t<\/div>\n\t\t\t\t\t\t\t<\/div>\n\t\t<\/div>\n\n\n\t<\/div>\n<\/div>\n\n\n\n<div class=\"block__image-panel \/  is-block theme theme-white highlight-blue relative overflow-hidden mx-auto\">\n\n\t<div class=\"container flex flex-col lg:block justify-end min-h-full-svh relative z-10 py\">\n\t\t<div class='lg:grid grid-cols-2'>\n\t\t\t\t\t\t<div><\/div>\n\t\t\t\n\t\t\t<div class=\"card__item p-24\" data-scroll-class='fadeInUpBig'>\n\t\t\t\t<div class=\"delay-children flex-stack gap-24\">\n\n<h2 id=\"ausbildung\" data-scroll-class=\"fadeInUpSmall\" class=\"wp-block-heading\"><br><strong>Ausbildung<\/strong><\/h2>\n\n\n\n<p data-scroll-class=\"fadeInUpSmall\"><br>Du m\u00f6chtest eine spannende Ausbildung bei einem Hidden-Champion mit abwechslungsreichen Praxiserfahrungen, einer attraktiven Ausbildungsverg\u00fctung und weiteren Zusatzleistungen sowie guten \u00dcbernahmechancen in ein unbefristetes Arbeitsverh\u00e4ltnis?<\/p>\n\n<\/div>\n\t\t\t<\/div>\n\t\t<\/div>\n\t<\/div>\n\n\n\t\n\t\t\t\t\n\t<picture class=\"\" data-media-id=\"15406\">\n\t\t<source media=\"(min-width:1400px)\" srcset=\"https:\/\/www.jungbunzlauer.com\/wp-content\/uploads\/2025\/11\/OET2983.webp\">\n\t\t<source media=\"(min-width:1280px)\" srcset=\"https:\/\/www.jungbunzlauer.com\/wp-content\/uploads\/2025\/11\/OET2983-1920x1280.webp\">\n\t\t<source media=\"(min-width:768px)\" srcset=\"https:\/\/www.jungbunzlauer.com\/wp-content\/uploads\/2025\/11\/OET2983-1024x683.webp\">\n\n\t\t\t\t\t<img decoding=\"async\" class=\"absolute inset-0 z-0 w-full h-full aspect-landscape object-cover \" src=\"https:\/\/www.jungbunzlauer.com\/wp-content\/uploads\/2025\/11\/OET2983-800x533.webp\" alt=\"\" width=\"2048\" height=\"1365\" loading=\"lazy\">\n\t\t\n  <\/picture>\n\n\n<\/div>\n\n\n\n\n\n<div class=\"block__visual-promo-banner \/  is-block theme theme-white highlight-blue pt-0 pb-0\">\n\t<div class=\"relative flex items-center justify-center overflow-hidden py\">\n\n\t\t\t\t\t\t\t<figure data-scroll-class='fadeIn' class=\"absolute z-0 w-full h-full\">\n\t\t\t\n\t\t\t\t\n\t<picture class=\"\" data-media-id=\"7433\">\n\t\t<source media=\"(min-width:1400px)\" srcset=\"https:\/\/www.jungbunzlauer.com\/wp-content\/uploads\/2025\/06\/sustainabilitymodules_G-1000.webp\">\n\t\t<source media=\"(min-width:1280px)\" srcset=\"https:\/\/www.jungbunzlauer.com\/wp-content\/uploads\/2025\/06\/sustainabilitymodules_G-1000.webp\">\n\t\t<source media=\"(min-width:768px)\" srcset=\"https:\/\/www.jungbunzlauer.com\/wp-content\/uploads\/2025\/06\/sustainabilitymodules_G-1000.webp\">\n\n\t\t\t\t\t<img decoding=\"async\" class=\"js-parallax md:  object-cover object-center w-full h-full\" src=\"https:\/\/www.jungbunzlauer.com\/wp-content\/uploads\/2025\/06\/sustainabilitymodules_G-1000-800x533.webp\" alt=\"This is an aerial photo of rows of solar panels.\" width=\"1001\" height=\"667\" loading=\"lazy\">\n\t\t\n  <\/picture>\n\t\t\t<\/figure>\n\t\t\n\t\t\t\t\n\t\t\t\t<div class=\"flex flex-col items-center justify-center \/ inner-background relative py-32 lg:py-80 px-24 lg:px-100 w-2\/3 text-center\">\n\t\t\t<div class=\"acf-innerblocks-container\">\n\n<h2 id=\"bewirb-dich-hier:\" data-scroll-class=\"fadeInUpSmall\" class=\"wp-block-heading\"><br><strong>Bewirb Dich hier:<\/strong><\/h2>\n\n\n\n<p data-scroll-class=\"fadeInUpSmall\"><br>Du willst in einem nachhaltigen, abwechslungsreichen und internationalen Unternehmen mitwirken? Bewirb dich jetzt!<\/p>\n\n\n\n\t\n\t<div class=\"block__buttons \/  is-block pt-0 pb-0 \/ flex flex-row justify-center gap-gutter-sm flex-wrap\" data-scroll-class='fadeInUpSmall'>\n\t\t\n\n\t\t\t\n\n<a tabindex=\"\" href=\"https:\/\/iabuas-dev1.fa.ocs.oraclecloud.com\/hcmUI\/CandidateExperience\/en\/sites\/CareerSite\" class=\"btn \" target=\"\" id=\"\">\n\n\t<span class=\"btn-inner btn-inner-initial\">\n\n\t\t\n\t\t<span class=\"btn-inner-title \">\n\t\t\tOffene Stellen\n\t\t<\/span>\n\n\t\t\t\t\t\t<svg class=\"icon-chevron-right\" width=\"16\" height=\"16\" viewBox=\"0 0 24 24\" fill=\"none\" xmlns=\"http:\/\/www.w3.org\/2000\/svg\">\n<path d=\"M19.1074 12L7.01367 24.0938L5.59961 22.6797L16.2793 12L5.59961 1.32031L7.01367 -0.09375L19.1074 12Z\" fill=\"currentColor\"\/>\n<\/svg>\n\t\t\n\t<\/span>\n\n\t<span class=\"btn-inner btn-inner-pewpew\" aria-hidden=\"true\">\n\n\t\t\n\t\t<span class=\"btn-inner-title \">\n\t\t\tOffene Stellen\n\t\t<\/span>\n\n\t\t\t\t\t\t<svg class=\"icon-chevron-right\" width=\"16\" height=\"16\" viewBox=\"0 0 24 24\" fill=\"none\" xmlns=\"http:\/\/www.w3.org\/2000\/svg\">\n<path d=\"M19.1074 12L7.01367 24.0938L5.59961 22.6797L16.2793 12L5.59961 1.32031L7.01367 -0.09375L19.1074 12Z\" fill=\"currentColor\"\/>\n<\/svg>\n\t\t\n\t<\/span>\n\n\n<\/a>\n\n\t\n\t\n\n\t<\/div>\n\n<\/div>\n\t\t<\/div>\n\n\t<\/div>\n<\/div>\n\n\n\n\n<div class=\"block__media-combo \/  is-block theme theme-white highlight-blue fullbleed__container overflow-hidden\">\n\n\n\t<div class=\"fullbleed__left p-24 md:p-32 lg:pr-gutter-xxl py-lg\">\n\t<div class=\"acf-innerblocks-container\">\n\n<h2 id=\"deine-vorteile\" data-scroll-class=\"fadeInUpSmall\" class=\"wp-block-heading\"><br><br><strong>Deine Vorteile<\/strong><\/h2>\n\n\n\n<ul data-scroll-class=\"fadeInUpSmall\" class=\"wp-block-list\">\n<li>Wettbewerbsf\u00e4hige Entlohnung<\/li>\n\n\n\n<li>Tolle Kollegen mit gutem Teamklima<\/li>\n\n\n\n<li>Regelm\u00e4\u00dfige Firmenevents und betriebliche Sportveranstaltungen<\/li>\n\n\n\n<li>Weiterbildungs- und Entwicklungsm\u00f6glichkeiten<\/li>\n\n\n\n<li>Essenszuschuss f\u00fcr betriebseigene Kantine<\/li>\n\n\n\n<li>Unfallversicherung<\/li>\n\n\n\n<li>Fahrtkostenzuschuss f\u00fcr den \u00f6ffentlichen Verkehr<\/li>\n<\/ul>\n\n<\/div>\n<\/div>\n\t<figure class=\"fullbleed__right relative overflow-hidden \/ -mx-gutter lg:mx-0\" data-scroll-class='fadeInLeftBig'>\n\t\t\t\n\t\t\t\t\n\t<picture class=\"\" data-media-id=\"14974\">\n\t\t<source media=\"(min-width:1400px)\" srcset=\"https:\/\/www.jungbunzlauer.com\/wp-content\/uploads\/2025\/10\/OET089592.webp\">\n\t\t<source media=\"(min-width:1280px)\" srcset=\"https:\/\/www.jungbunzlauer.com\/wp-content\/uploads\/2025\/10\/OET089592-1280x1920.webp\">\n\t\t<source media=\"(min-width:768px)\" srcset=\"https:\/\/www.jungbunzlauer.com\/wp-content\/uploads\/2025\/10\/OET089592-683x1024.webp\">\n\n\t\t\t\t\t<img decoding=\"async\" class=\"js-parallax aspect-banner lg:aspect-auto lg:absolute inset-0 object-cover object-center h-full w-full \" src=\"https:\/\/www.jungbunzlauer.com\/wp-content\/uploads\/2025\/10\/OET089592-533x800.webp\" alt=\"\" width=\"1365\" height=\"2048\" loading=\"lazy\">\n\t\t\n  <\/picture>\n\t<\/figure>\n\n<\/div>\n\n\n\n\n\n<div class=\"block__media-combo \/  is-block theme theme-white highlight-blue fullbleed__container overflow-hidden\">\n\n\n\t<figure class=\"fullbleed__left-swapped relative overflow-hidden \/ -mx-gutter lg:mx-0\" data-scroll-class='fadeInRightBig'>\n\t\t\t\n\t\t\t\t\n\t<picture class=\"\" data-media-id=\"15190\">\n\t\t<source media=\"(min-width:1400px)\" srcset=\"https:\/\/www.jungbunzlauer.com\/wp-content\/uploads\/2025\/11\/DJI_0565.webp\">\n\t\t<source media=\"(min-width:1280px)\" srcset=\"https:\/\/www.jungbunzlauer.com\/wp-content\/uploads\/2025\/11\/DJI_0565.webp\">\n\t\t<source media=\"(min-width:768px)\" srcset=\"https:\/\/www.jungbunzlauer.com\/wp-content\/uploads\/2025\/11\/DJI_0565.webp\">\n\n\t\t\t\t\t<img decoding=\"async\" class=\"js-parallax aspect-banner lg:aspect-auto lg:absolute inset-0 object-cover object-center h-full w-full \" src=\"https:\/\/www.jungbunzlauer.com\/wp-content\/uploads\/2025\/11\/DJI_0565-800x534.webp\" alt=\"\" width=\"1000\" height=\"667\" loading=\"lazy\">\n\t\t\n  <\/picture>\n\t<\/figure>\n\t<div class=\"fullbleed__right-swapped p-24 md:p-32 lg:pl-gutter-xxl py-lg\">\n\t<div class=\"acf-innerblocks-container\">\n\n<h2 id=\"seit-1867-und-mittlerweile\" data-scroll-class=\"fadeInUpSmall\" class=\"wp-block-heading\"><strong><strong>Seit 1867 und mittlerweile<\/strong><\/strong><\/h2>\n\n\n\n<ul data-scroll-class=\"fadeInUpSmall\" class=\"wp-block-list\">\n<li>\u00fcber 1.300 Angestellte weltweit, 300 in Ladenburg<\/li>\n\n\n\n<li>mehr als 1 Mrd. EUR Jahresumsatz<\/li>\n\n\n\n<li>Kunden in mehr als 130 L\u00e4ndern<\/li>\n\n\n\n<li>500 Mio. EUR geplante Investitionen in den n\u00e4chsten 5 Jahren, auch f\u00fcr den Standort Ladenburg<\/li>\n<\/ul>\n\n\n\n<h2 id=\"unsere-werte\" data-scroll-class=\"fadeInUpSmall\" class=\"wp-block-heading\"><br><strong>Unsere Werte<\/strong><\/h2>\n\n\n\n<ul data-scroll-class=\"fadeInUpSmall\" class=\"wp-block-list\">\n<li>Wir sind engagiert<\/li>\n\n\n\n<li>Wir arbeiten als Team<\/li>\n\n\n\n<li>Wir streben nach Spitzenleistungen<\/li>\n\n\n\n<li>Wir \u00fcbernehmen Verantwortung<\/li>\n<\/ul>\n\n\n\n<p data-scroll-class=\"fadeInUpSmall\"><\/p>\n\n<\/div>\n<\/div>\n\n\n<\/div>\n\n\n\n\n<div class=\"block__introduction \/  is-block theme theme-white highlight-blue pt-md pb-0\">\n\t<div class=\"container\">\n\n\t\t\t\t\t<div class=\"lg:grid grid-cols-2 gap-gutter\">\n\t<div class=\"flex flex-stack items-start gap-24\">\n\t\t\n\t\t\t\t\t<h2 class=\"h2\" data-scroll-class='fadeInUpSmall' data-scroll-delay='200'>\n\t\t\t\tUnsere Berufsfelder\n\t\t\t<\/h2>\n\t\t\n\t\t\n\t\t\t\t\t<div class=\"flex gap-16\" data-scroll-class='fadeInUpSmall' data-scroll-delay='600'>\n\t\t\t\t\t\t\t\t\t\t\t\t\t\t\t\t<\/div>\n\t\t\t<\/div>\n<\/div>\n\t\t\n\t<\/div>\n<\/div>\n\n\n\n\n\n\t\n<div class=\"block__cards \/  is-block theme theme-white highlight-blue pt-sm pb-sm\">\n\t<div class=\"container @container\">\n\n\t\t<div class=\"flex flex-col @md:grid @sm:grid-cols-2 gap-gutter\">\n\t\t\n\t\t\t\n\t\t\t\n\t\n\n<a href=\"https:\/\/iabuas.fa.ocs.oraclecloud.com\/hcmUI\/CandidateExperience\/en\/sites\/CX_1\/\" target=\"\" class=\"card__item \/ p-24 gap-16 grid grid-rows-subgrid \/ row-span-2 \" data-scroll-class='fadeInUpSmall' data-scroll-delay=\"0\">\n\n\n\t<header class=\"flex flex-col gap-16\">\n\t\t\t\t\t<h3 class=\"h4 mb-0 text-highlight\">\n\t\t\t\tChemikant\n\t\t\t<\/h3>\n\t\t\n\t\t\t<\/header>\n\n\t\t<footer class=\"flex justify-end\">\n\t\t\n\t\n<button type=\"\" tabindex=\"\" class=\"btn btn-outline\"  id=\"\">\n\n\t<span class=\"btn-inner btn-inner-initial\">\n\n\t\t\n\t\t<span class=\"btn-inner-title sr-only\">\n\t\t\tChemikant\n\t\t<\/span>\n\n\t\t\t\t\t\t<svg class=\"icon-chevron-right\" width=\"16\" height=\"16\" viewBox=\"0 0 24 24\" fill=\"none\" xmlns=\"http:\/\/www.w3.org\/2000\/svg\">\n<path d=\"M19.1074 12L7.01367 24.0938L5.59961 22.6797L16.2793 12L5.59961 1.32031L7.01367 -0.09375L19.1074 12Z\" fill=\"currentColor\"\/>\n<\/svg>\n\t\t\n\t<\/span>\n\n\t<span class=\"btn-inner btn-inner-pewpew\" aria-hidden=\"true\">\n\n\t\t\n\t\t<span class=\"btn-inner-title sr-only\">\n\t\t\tChemikant\n\t\t<\/span>\n\n\t\t\t\t\t\t<svg class=\"icon-chevron-right\" width=\"16\" height=\"16\" viewBox=\"0 0 24 24\" fill=\"none\" xmlns=\"http:\/\/www.w3.org\/2000\/svg\">\n<path d=\"M19.1074 12L7.01367 24.0938L5.59961 22.6797L16.2793 12L5.59961 1.32031L7.01367 -0.09375L19.1074 12Z\" fill=\"currentColor\"\/>\n<\/svg>\n\t\t\n\t<\/span>\n\n\n<\/button>\n\n\t<\/footer>\n\t\n<\/a>\n\t\t\n\t\t\t\n\t\t\t\n\t\n\n<a href=\"https:\/\/www.jungbunzlauer.com\/wp-content\/uploads\/2025\/11\/116-25-AD-JBHR_Poster-A0_3_mr.pdf\" target=\"\" class=\"card__item \/ p-24 gap-16 grid grid-rows-subgrid \/ row-span-2 \" data-scroll-class='fadeInUpSmall' data-scroll-delay=\"100\">\n\n\n\t<header class=\"flex flex-col gap-16\">\n\t\t\t\t\t<h3 class=\"h4 mb-0 text-highlight\">\n\t\t\t\tPraktikum\n\t\t\t<\/h3>\n\t\t\n\t\t\t<\/header>\n\n\t\t<footer class=\"flex justify-end\">\n\t\t\n\t\n<button type=\"\" tabindex=\"\" class=\"btn btn-outline\"  id=\"\">\n\n\t<span class=\"btn-inner btn-inner-initial\">\n\n\t\t\n\t\t<span class=\"btn-inner-title sr-only\">\n\t\t\tPraktikum\n\t\t<\/span>\n\n\t\t\t\t\t\t<svg class=\"icon-chevron-right\" width=\"16\" height=\"16\" viewBox=\"0 0 24 24\" fill=\"none\" xmlns=\"http:\/\/www.w3.org\/2000\/svg\">\n<path d=\"M19.1074 12L7.01367 24.0938L5.59961 22.6797L16.2793 12L5.59961 1.32031L7.01367 -0.09375L19.1074 12Z\" fill=\"currentColor\"\/>\n<\/svg>\n\t\t\n\t<\/span>\n\n\t<span class=\"btn-inner btn-inner-pewpew\" aria-hidden=\"true\">\n\n\t\t\n\t\t<span class=\"btn-inner-title sr-only\">\n\t\t\tPraktikum\n\t\t<\/span>\n\n\t\t\t\t\t\t<svg class=\"icon-chevron-right\" width=\"16\" height=\"16\" viewBox=\"0 0 24 24\" fill=\"none\" xmlns=\"http:\/\/www.w3.org\/2000\/svg\">\n<path d=\"M19.1074 12L7.01367 24.0938L5.59961 22.6797L16.2793 12L5.59961 1.32031L7.01367 -0.09375L19.1074 12Z\" fill=\"currentColor\"\/>\n<\/svg>\n\t\t\n\t<\/span>\n\n\n<\/button>\n\n\t<\/footer>\n\t\n<\/a>\n\t\t\t\t<\/div>\n\n\t<\/div>\n<\/div>\n\n\n\n\n<div class=\"block__introduction \/  is-block theme theme-white highlight-blue pt-sm pb-0\">\n\t<div class=\"container\">\n\n\t\t\t\t\t<div class=\"lg:grid grid-cols-2 gap-gutter\">\n\t<div class=\"flex flex-stack items-start gap-24\">\n\t\t\n\t\t\t\t\t<h2 class=\"h2\" data-scroll-class='fadeInUpSmall' data-scroll-delay='200'>\n\t\t\t\tWas unseren Auszubildenden gef\u00e4llt\n\t\t\t<\/h2>\n\t\t\n\t\t\n\t\t\t\t\t<div class=\"flex gap-16\" data-scroll-class='fadeInUpSmall' data-scroll-delay='600'>\n\t\t\t\t\t\t\t\t\t\t\t\t\t\t\t\t<\/div>\n\t\t\t<\/div>\n<\/div>\n\t\t\n\t<\/div>\n<\/div>\n\n\n\n\n\n\t\n<div class=\"block__cards \/  is-block theme theme-white highlight-blue pt-sm pb-sm\">\n\t<div class=\"container @container\">\n\n\t\t<div class=\"flex flex-col @md:grid @sm:grid-cols-2 @xl:grid-cols-3 gap-gutter\">\n\t\t\n\t\t\t\n\t\t\t\n\t\n\n<div class=\"card__item \/ p-24 gap-16 grid grid-rows-subgrid \/ row-span-1\" data-scroll-class='fadeInUpSmall' data-scroll-delay=\"0\">\n\n\n\t<header class=\"flex flex-col gap-16\">\n\t\t\t\t\t<h3 class=\"h4 mb-0 text-highlight\">\n\t\t\t\t&#8222;Ich finde es klasse,\n\t\t\t<\/h3>\n\t\t\n\t\t\t\t\t<div class=\"mb-0 flex-stack gap-16\"><p class=\"p1\">dass mir das Vertrauen entgegengebracht wird, selbstst\u00e4ndig zu arbeiten.&#8220;<\/p>\n<\/div>\n\t\t\t<\/header>\n\n\t\n<\/div>\n\t\t\n\t\t\t\n\t\t\t\n\t\n\n<div class=\"card__item \/ p-24 gap-16 grid grid-rows-subgrid \/ row-span-1\" data-scroll-class='fadeInUpSmall' data-scroll-delay=\"100\">\n\n\n\t<header class=\"flex flex-col gap-16\">\n\t\t\t\t\t<h3 class=\"h4 mb-0 text-highlight\">\n\t\t\t\t&#8222;Ich finde es toll,\n\t\t\t<\/h3>\n\t\t\n\t\t\t\t\t<div class=\"mb-0 flex-stack gap-16\"><p class=\"p1\">dass die duale Ausbildung im Verbund mit einer anderen gro\u00dfen Firma aus der Region stattfindet und dadurch eine intensive Betreuung im ersten Ausbildungsjahr gew\u00e4hrleistet wird.&#8220;<\/p>\n<\/div>\n\t\t\t<\/header>\n\n\t\n<\/div>\n\t\t\n\t\t\t\t\t\t\t\t\t\t\n\t\t\t\n\t\n\n<div class=\"card__item \/ p-24 gap-16 grid grid-rows-subgrid \/ row-span-1\" data-scroll-class='fadeInUpSmall' data-scroll-delay=\"200\">\n\n\n\t<header class=\"flex flex-col gap-16\">\n\t\t\t\t\t<h3 class=\"h4 mb-0 text-highlight\">\n\t\t\t\t&#8222;Mir gef\u00e4llt,\n\t\t\t<\/h3>\n\t\t\n\t\t\t\t\t<div class=\"mb-0 flex-stack gap-16\"><p class=\"p1\">dass grunds\u00e4tzlich mindestens ein Ansprechpartner anwesend ist und jederzeit greifbar bleibt.&#8220;<\/p>\n<\/div>\n\t\t\t<\/header>\n\n\t\n<\/div>\n\t\t\t\t<\/div>\n\n\t<\/div>\n<\/div>\n\n\n\n<p data-scroll-class=\"fadeInUpSmall\"><\/p>\n","protected":false},"excerpt":{"rendered":"","protected":false},"author":6,"featured_media":0,"parent":0,"menu_order":0,"comment_status":"closed","ping_status":"closed","template":"","meta":{"_acf_changed":false,"inline_featured_image":false,"footnotes":""},"search-filter":[],"class_list":["post-14961","page","type-page","status-publish","hentry"],"acf":[],"_links":{"self":[{"href":"https:\/\/www.jungbunzlauer.com\/de\/wp-json\/wp\/v2\/pages\/14961","targetHints":{"allow":["GET"]}}],"collection":[{"href":"https:\/\/www.jungbunzlauer.com\/de\/wp-json\/wp\/v2\/pages"}],"about":[{"href":"https:\/\/www.jungbunzlauer.com\/de\/wp-json\/wp\/v2\/types\/page"}],"author":[{"embeddable":true,"href":"https:\/\/www.jungbunzlauer.com\/de\/wp-json\/wp\/v2\/users\/6"}],"replies":[{"embeddable":true,"href":"https:\/\/www.jungbunzlauer.com\/de\/wp-json\/wp\/v2\/comments?post=14961"}],"version-history":[{"count":27,"href":"https:\/\/www.jungbunzlauer.com\/de\/wp-json\/wp\/v2\/pages\/14961\/revisions"}],"predecessor-version":[{"id":15430,"href":"https:\/\/www.jungbunzlauer.com\/de\/wp-json\/wp\/v2\/pages\/14961\/revisions\/15430"}],"wp:attachment":[{"href":"https:\/\/www.jungbunzlauer.com\/de\/wp-json\/wp\/v2\/media?parent=14961"}],"wp:term":[{"taxonomy":"search-filter","embeddable":true,"href":"https:\/\/www.jungbunzlauer.com\/de\/wp-json\/wp\/v2\/search-filter?post=14961"}],"curies":[{"name":"wp","href":"https:\/\/api.w.org\/{rel}","templated":true}]}}